{"id":63,"date":"2023-04-28T20:13:28","date_gmt":"2023-04-28T20:13:28","guid":{"rendered":"https:\/\/www.lainter.edu.mx\/egresados\/?page_id=63"},"modified":"2026-04-15T20:54:41","modified_gmt":"2026-04-15T20:54:41","slug":"internacionalizacion","status":"publish","type":"page","link":"https:\/\/www.lainter.edu.mx\/egresados\/internacionalizacion\/","title":{"rendered":"INTERNACIONAL"},"content":{"rendered":"\n<p><\/p>\n\n\n\n<blockquote class=\"wp-block-quote is-layout-flow wp-block-quote-is-layout-flow\">\n<p><\/p>\n<\/blockquote>\n\n\n\n<h2 class=\"wp-block-heading has-text-align-center\"><strong><strong>\u201cNo estudias una carrera, construyes un perfil global.\u201d<\/strong><\/strong><\/h2>\n\n\n\n<hr class=\"wp-block-separator has-alpha-channel-opacity\"\/>\n\n\n\n<div class=\"wp-block-columns is-layout-flex wp-container-core-columns-is-layout-28f84493 wp-block-columns-is-layout-flex\">\n<div class=\"wp-block-column is-layout-flow wp-block-column-is-layout-flow\">\n<figure class=\"wp-block-image size-large\"><a href=\"https:\/\/www.lainter.edu.mx\/egresados\/intercambios-prepa-inter\/\"><img loading=\"lazy\" decoding=\"async\" width=\"1024\" height=\"1024\" src=\"https:\/\/www.lainter.edu.mx\/egresados\/wp-content\/uploads\/2026\/04\/Post-Instagram-desayuno-minimalista-colores-1-1-1024x1024.png\" alt=\"\" class=\"wp-image-1209\" srcset=\"https:\/\/www.lainter.edu.mx\/egresados\/wp-content\/uploads\/2026\/04\/Post-Instagram-desayuno-minimalista-colores-1-1-1024x1024.png 1024w, https:\/\/www.lainter.edu.mx\/egresados\/wp-content\/uploads\/2026\/04\/Post-Instagram-desayuno-minimalista-colores-1-1-300x300.png 300w, https:\/\/www.lainter.edu.mx\/egresados\/wp-content\/uploads\/2026\/04\/Post-Instagram-desayuno-minimalista-colores-1-1-150x150.png 150w, https:\/\/www.lainter.edu.mx\/egresados\/wp-content\/uploads\/2026\/04\/Post-Instagram-desayuno-minimalista-colores-1-1-768x768.png 768w, https:\/\/www.lainter.edu.mx\/egresados\/wp-content\/uploads\/2026\/04\/Post-Instagram-desayuno-minimalista-colores-1-1.png 1080w\" sizes=\"auto, (max-width: 1024px) 100vw, 1024px\" \/><\/a><\/figure>\n<\/div>\n\n\n\n<div class=\"wp-block-column is-layout-flow wp-block-column-is-layout-flow\">\n<figure class=\"wp-block-image size-large\"><a href=\"https:\/\/www.lainter.edu.mx\/egresados\/intercambios-licenciatura\/\"><img loading=\"lazy\" decoding=\"async\" width=\"1024\" height=\"1024\" src=\"https:\/\/www.lainter.edu.mx\/egresados\/wp-content\/uploads\/2026\/04\/Post-Instagram-desayuno-minimalista-colores-1-2-1024x1024.png\" alt=\"\" class=\"wp-image-1210\" srcset=\"https:\/\/www.lainter.edu.mx\/egresados\/wp-content\/uploads\/2026\/04\/Post-Instagram-desayuno-minimalista-colores-1-2-1024x1024.png 1024w, https:\/\/www.lainter.edu.mx\/egresados\/wp-content\/uploads\/2026\/04\/Post-Instagram-desayuno-minimalista-colores-1-2-300x300.png 300w, https:\/\/www.lainter.edu.mx\/egresados\/wp-content\/uploads\/2026\/04\/Post-Instagram-desayuno-minimalista-colores-1-2-150x150.png 150w, https:\/\/www.lainter.edu.mx\/egresados\/wp-content\/uploads\/2026\/04\/Post-Instagram-desayuno-minimalista-colores-1-2-768x768.png 768w, https:\/\/www.lainter.edu.mx\/egresados\/wp-content\/uploads\/2026\/04\/Post-Instagram-desayuno-minimalista-colores-1-2.png 1080w\" sizes=\"auto, (max-width: 1024px) 100vw, 1024px\" \/><\/a><\/figure>\n<\/div>\n<\/div>\n\n\n\n<h6 class=\"wp-block-heading has-text-align-center\">En la Universidad Interamericana, la internacionalizaci\u00f3n es parte de tu formaci\u00f3n, no un complemento. Se integra de forma transversal, incorporando una visi\u00f3n global en tu preparaci\u00f3n profesional.<\/h6>\n\n\n\n<div class=\"wp-block-columns is-layout-flex wp-container-core-columns-is-layout-28f84493 wp-block-columns-is-layout-flex\">\n<div class=\"wp-block-column is-layout-flow wp-block-column-is-layout-flow\">\n<figure class=\"wp-block-image size-large\"><a href=\"https:\/\/www.lainter.edu.mx\/egresados\/estudiantes-visitantes\/\"><img loading=\"lazy\" decoding=\"async\" width=\"1024\" height=\"1024\" src=\"https:\/\/www.lainter.edu.mx\/egresados\/wp-content\/uploads\/2026\/04\/Post-Instagram-desayuno-minimalista-colores-6-1024x1024.png\" alt=\"\" class=\"wp-image-1212\" srcset=\"https:\/\/www.lainter.edu.mx\/egresados\/wp-content\/uploads\/2026\/04\/Post-Instagram-desayuno-minimalista-colores-6-1024x1024.png 1024w, https:\/\/www.lainter.edu.mx\/egresados\/wp-content\/uploads\/2026\/04\/Post-Instagram-desayuno-minimalista-colores-6-300x300.png 300w, https:\/\/www.lainter.edu.mx\/egresados\/wp-content\/uploads\/2026\/04\/Post-Instagram-desayuno-minimalista-colores-6-150x150.png 150w, https:\/\/www.lainter.edu.mx\/egresados\/wp-content\/uploads\/2026\/04\/Post-Instagram-desayuno-minimalista-colores-6-768x768.png 768w, https:\/\/www.lainter.edu.mx\/egresados\/wp-content\/uploads\/2026\/04\/Post-Instagram-desayuno-minimalista-colores-6.png 1080w\" sizes=\"auto, (max-width: 1024px) 100vw, 1024px\" \/><\/a><\/figure>\n<\/div>\n\n\n\n<div class=\"wp-block-column is-layout-flow wp-block-column-is-layout-flow\">\n<figure class=\"wp-block-gallery has-nested-images columns-default is-cropped wp-block-gallery-1 is-layout-flex wp-block-gallery-is-layout-flex\">\n<figure class=\"wp-block-image size-large\"><a href=\"https:\/\/www.lainter.edu.mx\/egresados\/cursos-cortos\/\"><img loading=\"lazy\" decoding=\"async\" width=\"1024\" height=\"1024\" data-id=\"1213\" src=\"https:\/\/www.lainter.edu.mx\/egresados\/wp-content\/uploads\/2026\/04\/Post-Instagram-desayuno-minimalista-colores-5-1-1024x1024.png\" alt=\"\" class=\"wp-image-1213\" srcset=\"https:\/\/www.lainter.edu.mx\/egresados\/wp-content\/uploads\/2026\/04\/Post-Instagram-desayuno-minimalista-colores-5-1-1024x1024.png 1024w, https:\/\/www.lainter.edu.mx\/egresados\/wp-content\/uploads\/2026\/04\/Post-Instagram-desayuno-minimalista-colores-5-1-300x300.png 300w, https:\/\/www.lainter.edu.mx\/egresados\/wp-content\/uploads\/2026\/04\/Post-Instagram-desayuno-minimalista-colores-5-1-150x150.png 150w, https:\/\/www.lainter.edu.mx\/egresados\/wp-content\/uploads\/2026\/04\/Post-Instagram-desayuno-minimalista-colores-5-1-768x768.png 768w, https:\/\/www.lainter.edu.mx\/egresados\/wp-content\/uploads\/2026\/04\/Post-Instagram-desayuno-minimalista-colores-5-1.png 1080w\" sizes=\"auto, (max-width: 1024px) 100vw, 1024px\" \/><\/a><\/figure>\n<\/figure>\n<\/div>\n<\/div>\n\n\n\n<h6 class=\"wp-block-heading has-text-align-center\">Accede a experiencias acad\u00e9micas en el extranjero, colabora con universidades internacionales y desarrolla competencias que te preparan para un entorno profesional sin fronteras.<\/h6>\n\n\n\n<div class=\"wp-block-columns is-layout-flex wp-container-core-columns-is-layout-28f84493 wp-block-columns-is-layout-flex\">\n<div class=\"wp-block-column is-layout-flow wp-block-column-is-layout-flow\">\n<figure class=\"wp-block-image size-large\"><a href=\"https:\/\/www.lainter.edu.mx\/egresados\/convenios-internacionales\/\"><img loading=\"lazy\" decoding=\"async\" width=\"1024\" height=\"1024\" src=\"https:\/\/www.lainter.edu.mx\/egresados\/wp-content\/uploads\/2026\/04\/Post-Instagram-desayuno-minimalista-colores-2-1-1024x1024.png\" alt=\"\" class=\"wp-image-1211\" srcset=\"https:\/\/www.lainter.edu.mx\/egresados\/wp-content\/uploads\/2026\/04\/Post-Instagram-desayuno-minimalista-colores-2-1-1024x1024.png 1024w, https:\/\/www.lainter.edu.mx\/egresados\/wp-content\/uploads\/2026\/04\/Post-Instagram-desayuno-minimalista-colores-2-1-300x300.png 300w, https:\/\/www.lainter.edu.mx\/egresados\/wp-content\/uploads\/2026\/04\/Post-Instagram-desayuno-minimalista-colores-2-1-150x150.png 150w, https:\/\/www.lainter.edu.mx\/egresados\/wp-content\/uploads\/2026\/04\/Post-Instagram-desayuno-minimalista-colores-2-1-768x768.png 768w, https:\/\/www.lainter.edu.mx\/egresados\/wp-content\/uploads\/2026\/04\/Post-Instagram-desayuno-minimalista-colores-2-1.png 1080w\" sizes=\"auto, (max-width: 1024px) 100vw, 1024px\" \/><\/a><\/figure>\n<\/div>\n\n\n\n<div class=\"wp-block-column is-layout-flow wp-block-column-is-layout-flow\">\n<figure class=\"wp-block-image size-large\"><a href=\"https:\/\/www.lainter.edu.mx\/egresados\/proyectos-internacionales\/\"><img loading=\"lazy\" decoding=\"async\" width=\"1024\" height=\"1024\" src=\"https:\/\/www.lainter.edu.mx\/egresados\/wp-content\/uploads\/2026\/04\/Post-Instagram-desayuno-minimalista-colores-7-1-1024x1024.png\" alt=\"\" class=\"wp-image-1435\" srcset=\"https:\/\/www.lainter.edu.mx\/egresados\/wp-content\/uploads\/2026\/04\/Post-Instagram-desayuno-minimalista-colores-7-1-1024x1024.png 1024w, https:\/\/www.lainter.edu.mx\/egresados\/wp-content\/uploads\/2026\/04\/Post-Instagram-desayuno-minimalista-colores-7-1-300x300.png 300w, https:\/\/www.lainter.edu.mx\/egresados\/wp-content\/uploads\/2026\/04\/Post-Instagram-desayuno-minimalista-colores-7-1-150x150.png 150w, https:\/\/www.lainter.edu.mx\/egresados\/wp-content\/uploads\/2026\/04\/Post-Instagram-desayuno-minimalista-colores-7-1-768x768.png 768w, https:\/\/www.lainter.edu.mx\/egresados\/wp-content\/uploads\/2026\/04\/Post-Instagram-desayuno-minimalista-colores-7-1.png 1080w\" sizes=\"auto, (max-width: 1024px) 100vw, 1024px\" \/><\/a><\/figure>\n<\/div>\n<\/div>\n\n\n\n<hr class=\"wp-block-separator has-alpha-channel-opacity\"\/>\n\n\n\n<h6 class=\"wp-block-heading has-text-align-center has-regular-font-size\">En la Inter, lo hacemos a trav\u00e9s de:<\/h6>\n\n\n\n<h5 class=\"wp-block-heading has-text-align-center\">\ud83c\udf0d Experiencias acad\u00e9micas internacionales \ud83c\udf93 Programas alineados a tu carrera   \ud83e\udd1d Alianzas con universidades en el extranjero \ud83d\udcbc Formaci\u00f3n enfocada en empleabilidad global<\/h5>\n\n\n\n<hr class=\"wp-block-separator has-alpha-channel-opacity\"\/>\n\n\n\n<p><\/p>\n","protected":false},"excerpt":{"rendered":"<p>\u201cNo estudias una carrera, construyes un perfil global.\u201d En la Universidad Interamericana, la internacionalizaci\u00f3n es parte de tu formaci\u00f3n, no un complemento. Se integra de forma transversal, incorporando una visi\u00f3n global en tu preparaci\u00f3n profesional. Accede a experiencias acad\u00e9micas en el extranjero, colabora con universidades internacionales y desarrolla competencias que te preparan para un entorno [&hellip;]<\/p>\n","protected":false},"author":1,"featured_media":0,"parent":0,"menu_order":0,"comment_status":"closed","ping_status":"closed","template":"","meta":{"footnotes":""},"class_list":["post-63","page","type-page","status-publish","hentry"],"_links":{"self":[{"href":"https:\/\/www.lainter.edu.mx\/egresados\/wp-json\/wp\/v2\/pages\/63","targetHints":{"allow":["GET"]}}],"collection":[{"href":"https:\/\/www.lainter.edu.mx\/egresados\/wp-json\/wp\/v2\/pages"}],"about":[{"href":"https:\/\/www.lainter.edu.mx\/egresados\/wp-json\/wp\/v2\/types\/page"}],"author":[{"embeddable":true,"href":"https:\/\/www.lainter.edu.mx\/egresados\/wp-json\/wp\/v2\/users\/1"}],"replies":[{"embeddable":true,"href":"https:\/\/www.lainter.edu.mx\/egresados\/wp-json\/wp\/v2\/comments?post=63"}],"version-history":[{"count":219,"href":"https:\/\/www.lainter.edu.mx\/egresados\/wp-json\/wp\/v2\/pages\/63\/revisions"}],"predecessor-version":[{"id":1457,"href":"https:\/\/www.lainter.edu.mx\/egresados\/wp-json\/wp\/v2\/pages\/63\/revisions\/1457"}],"wp:attachment":[{"href":"https:\/\/www.lainter.edu.mx\/egresados\/wp-json\/wp\/v2\/media?parent=63"}],"curies":[{"name":"wp","href":"https:\/\/api.w.org\/{rel}","templated":true}]}}