{"id":1220,"date":"2026-04-14T20:51:32","date_gmt":"2026-04-14T20:51:32","guid":{"rendered":"https:\/\/www.lainter.edu.mx\/egresados\/?page_id=1220"},"modified":"2026-04-15T20:25:24","modified_gmt":"2026-04-15T20:25:24","slug":"estudiantes-visitantes","status":"publish","type":"page","link":"https:\/\/www.lainter.edu.mx\/egresados\/estudiantes-visitantes\/","title":{"rendered":"ESTUDIANTES VISITANTES"},"content":{"rendered":"\n<div class=\"wp-block-media-text alignwide is-stacked-on-mobile\" style=\"grid-template-columns:43% auto\"><figure class=\"wp-block-media-text__media\"><img loading=\"lazy\" decoding=\"async\" width=\"1024\" height=\"1024\" src=\"https:\/\/www.lainter.edu.mx\/egresados\/wp-content\/uploads\/2026\/04\/Convocatoria-Incoming-1-1024x1024.png\" alt=\"\" class=\"wp-image-1398 size-full\" srcset=\"https:\/\/www.lainter.edu.mx\/egresados\/wp-content\/uploads\/2026\/04\/Convocatoria-Incoming-1-1024x1024.png 1024w, https:\/\/www.lainter.edu.mx\/egresados\/wp-content\/uploads\/2026\/04\/Convocatoria-Incoming-1-300x300.png 300w, https:\/\/www.lainter.edu.mx\/egresados\/wp-content\/uploads\/2026\/04\/Convocatoria-Incoming-1-150x150.png 150w, https:\/\/www.lainter.edu.mx\/egresados\/wp-content\/uploads\/2026\/04\/Convocatoria-Incoming-1-768x768.png 768w, https:\/\/www.lainter.edu.mx\/egresados\/wp-content\/uploads\/2026\/04\/Convocatoria-Incoming-1.png 1080w\" sizes=\"auto, (max-width: 1024px) 100vw, 1024px\" \/><\/figure><div class=\"wp-block-media-text__content\">\n<p class=\"has-regular-font-size\"><strong>ESTUDIANTES VISITANTES<\/strong><\/p>\n\n\n\n<p class=\"has-medium-font-size\">Si eres de una Universidad con las que tenemos convenio y deseas venir a la Universidad Interamericana a estudiar, ac\u00e9rcate a la Coordinaci\u00f3n correspondiente en tu Universidad para que te puedan asesorar a vivir una experiencia incre\u00edble y volverte un Halc\u00f3n Inter <\/p>\n\n\n\n<p class=\"has-medium-font-size\"><strong><strong><strong><strong>(CONVOCATORIA ABIERTA<\/strong><\/strong>)<\/strong>.<\/strong><\/p>\n\n\n\n<div class=\"wp-block-group has-global-padding is-layout-constrained wp-block-group-is-layout-constrained\">\n<div class=\"wp-block-columns is-layout-flex wp-container-core-columns-is-layout-28f84493 wp-block-columns-is-layout-flex\">\n<div class=\"wp-block-column is-layout-flow wp-block-column-is-layout-flow\" style=\"flex-basis:100%\">\n<div class=\"wp-block-columns are-vertically-aligned-top is-layout-flex wp-container-core-columns-is-layout-28f84493 wp-block-columns-is-layout-flex\">\n<div class=\"wp-block-column is-vertically-aligned-top is-layout-flow wp-block-column-is-layout-flow\" style=\"flex-basis:100%\">\n<div class=\"wp-block-buttons is-layout-flex wp-block-buttons-is-layout-flex\">\n<div class=\"wp-block-button\"><a class=\"wp-block-button__link wp-element-button\" href=\"https:\/\/www.lainter.edu.mx\/egresados\/wp-content\/uploads\/2026\/04\/CONVOCATORIA-MOVILIDAD-NACIONAL-INCOMING-1.pdf\" target=\"_blank\" rel=\"noreferrer noopener\">CONVOCATORIA NACIONAL<\/a><\/div>\n\n\n\n<div class=\"wp-block-button\"><a class=\"wp-block-button__link wp-element-button\" href=\"https:\/\/www.lainter.edu.mx\/egresados\/wp-content\/uploads\/2026\/04\/INTERNATIONAL-ACADEMIC-EXCHANGE-PROGRAM-INCOMING.pdf\" target=\"_blank\" rel=\"noreferrer noopener\">CONVOCATORIA INTERNACIONAL<\/a><\/div>\n<\/div>\n<\/div>\n<\/div>\n\n\n\n<div class=\"wp-block-columns are-vertically-aligned-top is-layout-flex wp-container-core-columns-is-layout-28f84493 wp-block-columns-is-layout-flex\">\n<div class=\"wp-block-column is-vertically-aligned-top is-layout-flow wp-block-column-is-layout-flow\" style=\"flex-basis:100%\">\n<div class=\"wp-block-buttons is-layout-flex wp-block-buttons-is-layout-flex\"><\/div>\n<\/div>\n<\/div>\n<\/div>\n<\/div>\n<\/div>\n<\/div><\/div>\n\n\n\n<h2 class=\"wp-block-heading has-text-align-center\">\u201cEmpieza hoy tu camino internacional.\u201d<\/h2>\n\n\n\n<hr class=\"wp-block-separator has-alpha-channel-opacity\"\/>\n\n\n\n<div style=\"height:21px\" aria-hidden=\"true\" class=\"wp-block-spacer\"><\/div>\n\n\n\n<div class=\"wp-block-columns is-layout-flex wp-container-core-columns-is-layout-28f84493 wp-block-columns-is-layout-flex\">\n<div class=\"wp-block-column is-layout-flow wp-block-column-is-layout-flow\">\n<figure class=\"wp-block-image size-large\"><img loading=\"lazy\" decoding=\"async\" width=\"853\" height=\"853\" src=\"https:\/\/www.lainter.edu.mx\/egresados\/wp-content\/uploads\/2026\/04\/Imagen-de-WhatsApp-2025-11-18-a-las-22.01.06_da117250-edited.jpg\" alt=\"\" class=\"wp-image-1380\" srcset=\"https:\/\/www.lainter.edu.mx\/egresados\/wp-content\/uploads\/2026\/04\/Imagen-de-WhatsApp-2025-11-18-a-las-22.01.06_da117250-edited.jpg 853w, https:\/\/www.lainter.edu.mx\/egresados\/wp-content\/uploads\/2026\/04\/Imagen-de-WhatsApp-2025-11-18-a-las-22.01.06_da117250-edited-300x300.jpg 300w, https:\/\/www.lainter.edu.mx\/egresados\/wp-content\/uploads\/2026\/04\/Imagen-de-WhatsApp-2025-11-18-a-las-22.01.06_da117250-edited-150x150.jpg 150w, https:\/\/www.lainter.edu.mx\/egresados\/wp-content\/uploads\/2026\/04\/Imagen-de-WhatsApp-2025-11-18-a-las-22.01.06_da117250-edited-768x768.jpg 768w\" sizes=\"auto, (max-width: 853px) 100vw, 853px\" \/><\/figure>\n<\/div>\n\n\n\n<div class=\"wp-block-column is-layout-flow wp-block-column-is-layout-flow\">\n<figure class=\"wp-block-image size-large\"><img loading=\"lazy\" decoding=\"async\" width=\"1200\" height=\"1200\" src=\"https:\/\/www.lainter.edu.mx\/egresados\/wp-content\/uploads\/2026\/04\/Imagen-de-WhatsApp-2025-11-25-a-las-10.48.46_fb687ce2-edited.jpg\" alt=\"\" class=\"wp-image-1383\" srcset=\"https:\/\/www.lainter.edu.mx\/egresados\/wp-content\/uploads\/2026\/04\/Imagen-de-WhatsApp-2025-11-25-a-las-10.48.46_fb687ce2-edited.jpg 1200w, https:\/\/www.lainter.edu.mx\/egresados\/wp-content\/uploads\/2026\/04\/Imagen-de-WhatsApp-2025-11-25-a-las-10.48.46_fb687ce2-edited-300x300.jpg 300w, https:\/\/www.lainter.edu.mx\/egresados\/wp-content\/uploads\/2026\/04\/Imagen-de-WhatsApp-2025-11-25-a-las-10.48.46_fb687ce2-edited-1024x1024.jpg 1024w, https:\/\/www.lainter.edu.mx\/egresados\/wp-content\/uploads\/2026\/04\/Imagen-de-WhatsApp-2025-11-25-a-las-10.48.46_fb687ce2-edited-150x150.jpg 150w, https:\/\/www.lainter.edu.mx\/egresados\/wp-content\/uploads\/2026\/04\/Imagen-de-WhatsApp-2025-11-25-a-las-10.48.46_fb687ce2-edited-768x768.jpg 768w\" sizes=\"auto, (max-width: 1200px) 100vw, 1200px\" \/><\/figure>\n<\/div>\n\n\n\n<div class=\"wp-block-column is-layout-flow wp-block-column-is-layout-flow\">\n<figure class=\"wp-block-image size-large\"><img loading=\"lazy\" decoding=\"async\" width=\"853\" height=\"853\" src=\"https:\/\/www.lainter.edu.mx\/egresados\/wp-content\/uploads\/2026\/04\/WhatsApp-Image-2025-09-11-at-7.43.04-PM-1-edited.jpeg\" alt=\"\" class=\"wp-image-1385\" srcset=\"https:\/\/www.lainter.edu.mx\/egresados\/wp-content\/uploads\/2026\/04\/WhatsApp-Image-2025-09-11-at-7.43.04-PM-1-edited.jpeg 853w, https:\/\/www.lainter.edu.mx\/egresados\/wp-content\/uploads\/2026\/04\/WhatsApp-Image-2025-09-11-at-7.43.04-PM-1-edited-300x300.jpeg 300w, https:\/\/www.lainter.edu.mx\/egresados\/wp-content\/uploads\/2026\/04\/WhatsApp-Image-2025-09-11-at-7.43.04-PM-1-edited-150x150.jpeg 150w, https:\/\/www.lainter.edu.mx\/egresados\/wp-content\/uploads\/2026\/04\/WhatsApp-Image-2025-09-11-at-7.43.04-PM-1-edited-768x768.jpeg 768w\" sizes=\"auto, (max-width: 853px) 100vw, 853px\" \/><\/figure>\n<\/div>\n<\/div>\n\n\n\n<div class=\"wp-block-columns is-layout-flex wp-container-core-columns-is-layout-28f84493 wp-block-columns-is-layout-flex\">\n<div class=\"wp-block-column is-layout-flow wp-block-column-is-layout-flow\">\n<figure class=\"wp-block-image size-large\"><img loading=\"lazy\" decoding=\"async\" width=\"853\" height=\"853\" src=\"https:\/\/www.lainter.edu.mx\/egresados\/wp-content\/uploads\/2026\/04\/WhatsApp-Image-2025-09-11-at-7.43.04-PM-9-edited.jpeg\" alt=\"\" class=\"wp-image-1387\" srcset=\"https:\/\/www.lainter.edu.mx\/egresados\/wp-content\/uploads\/2026\/04\/WhatsApp-Image-2025-09-11-at-7.43.04-PM-9-edited.jpeg 853w, https:\/\/www.lainter.edu.mx\/egresados\/wp-content\/uploads\/2026\/04\/WhatsApp-Image-2025-09-11-at-7.43.04-PM-9-edited-300x300.jpeg 300w, https:\/\/www.lainter.edu.mx\/egresados\/wp-content\/uploads\/2026\/04\/WhatsApp-Image-2025-09-11-at-7.43.04-PM-9-edited-150x150.jpeg 150w, https:\/\/www.lainter.edu.mx\/egresados\/wp-content\/uploads\/2026\/04\/WhatsApp-Image-2025-09-11-at-7.43.04-PM-9-edited-768x768.jpeg 768w\" sizes=\"auto, (max-width: 853px) 100vw, 853px\" \/><\/figure>\n<\/div>\n\n\n\n<div class=\"wp-block-column is-layout-flow wp-block-column-is-layout-flow\">\n<figure class=\"wp-block-image size-large\"><img loading=\"lazy\" decoding=\"async\" width=\"1066\" height=\"1066\" src=\"https:\/\/www.lainter.edu.mx\/egresados\/wp-content\/uploads\/2026\/04\/WhatsApp-Image-2025-09-23-at-2.15.42-PM-edited.jpeg\" alt=\"\" class=\"wp-image-1389\" srcset=\"https:\/\/www.lainter.edu.mx\/egresados\/wp-content\/uploads\/2026\/04\/WhatsApp-Image-2025-09-23-at-2.15.42-PM-edited.jpeg 1066w, https:\/\/www.lainter.edu.mx\/egresados\/wp-content\/uploads\/2026\/04\/WhatsApp-Image-2025-09-23-at-2.15.42-PM-edited-300x300.jpeg 300w, https:\/\/www.lainter.edu.mx\/egresados\/wp-content\/uploads\/2026\/04\/WhatsApp-Image-2025-09-23-at-2.15.42-PM-edited-1024x1024.jpeg 1024w, https:\/\/www.lainter.edu.mx\/egresados\/wp-content\/uploads\/2026\/04\/WhatsApp-Image-2025-09-23-at-2.15.42-PM-edited-150x150.jpeg 150w, https:\/\/www.lainter.edu.mx\/egresados\/wp-content\/uploads\/2026\/04\/WhatsApp-Image-2025-09-23-at-2.15.42-PM-edited-768x768.jpeg 768w\" sizes=\"auto, (max-width: 1066px) 100vw, 1066px\" \/><\/figure>\n<\/div>\n\n\n\n<div class=\"wp-block-column is-layout-flow wp-block-column-is-layout-flow\">\n<figure class=\"wp-block-image size-large\"><img loading=\"lazy\" decoding=\"async\" width=\"1066\" height=\"1066\" src=\"https:\/\/www.lainter.edu.mx\/egresados\/wp-content\/uploads\/2026\/04\/WhatsApp-Image-2025-09-23-at-2.16.04-PM-edited.jpeg\" alt=\"\" class=\"wp-image-1391\" srcset=\"https:\/\/www.lainter.edu.mx\/egresados\/wp-content\/uploads\/2026\/04\/WhatsApp-Image-2025-09-23-at-2.16.04-PM-edited.jpeg 1066w, https:\/\/www.lainter.edu.mx\/egresados\/wp-content\/uploads\/2026\/04\/WhatsApp-Image-2025-09-23-at-2.16.04-PM-edited-300x300.jpeg 300w, https:\/\/www.lainter.edu.mx\/egresados\/wp-content\/uploads\/2026\/04\/WhatsApp-Image-2025-09-23-at-2.16.04-PM-edited-1024x1024.jpeg 1024w, https:\/\/www.lainter.edu.mx\/egresados\/wp-content\/uploads\/2026\/04\/WhatsApp-Image-2025-09-23-at-2.16.04-PM-edited-150x150.jpeg 150w, https:\/\/www.lainter.edu.mx\/egresados\/wp-content\/uploads\/2026\/04\/WhatsApp-Image-2025-09-23-at-2.16.04-PM-edited-768x768.jpeg 768w\" sizes=\"auto, (max-width: 1066px) 100vw, 1066px\" \/><\/figure>\n<\/div>\n<\/div>\n\n\n\n<div class=\"wp-block-columns is-layout-flex wp-container-core-columns-is-layout-28f84493 wp-block-columns-is-layout-flex\">\n<div class=\"wp-block-column is-layout-flow wp-block-column-is-layout-flow\">\n<figure class=\"wp-block-image size-large\"><img loading=\"lazy\" decoding=\"async\" width=\"1142\" height=\"1142\" src=\"https:\/\/www.lainter.edu.mx\/egresados\/wp-content\/uploads\/2026\/04\/WhatsApp-Image-2024-11-19-at-1.52.22-PM-2-edited.jpeg\" alt=\"\" class=\"wp-image-1393\" srcset=\"https:\/\/www.lainter.edu.mx\/egresados\/wp-content\/uploads\/2026\/04\/WhatsApp-Image-2024-11-19-at-1.52.22-PM-2-edited.jpeg 1142w, https:\/\/www.lainter.edu.mx\/egresados\/wp-content\/uploads\/2026\/04\/WhatsApp-Image-2024-11-19-at-1.52.22-PM-2-edited-300x300.jpeg 300w, https:\/\/www.lainter.edu.mx\/egresados\/wp-content\/uploads\/2026\/04\/WhatsApp-Image-2024-11-19-at-1.52.22-PM-2-edited-1024x1024.jpeg 1024w, https:\/\/www.lainter.edu.mx\/egresados\/wp-content\/uploads\/2026\/04\/WhatsApp-Image-2024-11-19-at-1.52.22-PM-2-edited-150x150.jpeg 150w, https:\/\/www.lainter.edu.mx\/egresados\/wp-content\/uploads\/2026\/04\/WhatsApp-Image-2024-11-19-at-1.52.22-PM-2-edited-768x768.jpeg 768w\" sizes=\"auto, (max-width: 1142px) 100vw, 1142px\" \/><\/figure>\n<\/div>\n\n\n\n<div class=\"wp-block-column is-layout-flow wp-block-column-is-layout-flow\">\n<figure class=\"wp-block-image size-large\"><img loading=\"lazy\" decoding=\"async\" width=\"853\" height=\"853\" src=\"https:\/\/www.lainter.edu.mx\/egresados\/wp-content\/uploads\/2026\/04\/WhatsApp-Image-2024-11-19-at-1.51.54-PM-edited.jpeg\" alt=\"\" class=\"wp-image-1395\" srcset=\"https:\/\/www.lainter.edu.mx\/egresados\/wp-content\/uploads\/2026\/04\/WhatsApp-Image-2024-11-19-at-1.51.54-PM-edited.jpeg 853w, https:\/\/www.lainter.edu.mx\/egresados\/wp-content\/uploads\/2026\/04\/WhatsApp-Image-2024-11-19-at-1.51.54-PM-edited-300x300.jpeg 300w, https:\/\/www.lainter.edu.mx\/egresados\/wp-content\/uploads\/2026\/04\/WhatsApp-Image-2024-11-19-at-1.51.54-PM-edited-150x150.jpeg 150w, https:\/\/www.lainter.edu.mx\/egresados\/wp-content\/uploads\/2026\/04\/WhatsApp-Image-2024-11-19-at-1.51.54-PM-edited-768x768.jpeg 768w\" sizes=\"auto, (max-width: 853px) 100vw, 853px\" \/><\/figure>\n<\/div>\n\n\n\n<div class=\"wp-block-column is-layout-flow wp-block-column-is-layout-flow\">\n<figure class=\"wp-block-image size-large\"><img loading=\"lazy\" decoding=\"async\" width=\"853\" height=\"853\" src=\"https:\/\/www.lainter.edu.mx\/egresados\/wp-content\/uploads\/2026\/04\/WhatsApp-Image-2024-11-19-at-1.51.54-PM-1-edited.jpeg\" alt=\"\" class=\"wp-image-1397\" srcset=\"https:\/\/www.lainter.edu.mx\/egresados\/wp-content\/uploads\/2026\/04\/WhatsApp-Image-2024-11-19-at-1.51.54-PM-1-edited.jpeg 853w, https:\/\/www.lainter.edu.mx\/egresados\/wp-content\/uploads\/2026\/04\/WhatsApp-Image-2024-11-19-at-1.51.54-PM-1-edited-300x300.jpeg 300w, https:\/\/www.lainter.edu.mx\/egresados\/wp-content\/uploads\/2026\/04\/WhatsApp-Image-2024-11-19-at-1.51.54-PM-1-edited-150x150.jpeg 150w, https:\/\/www.lainter.edu.mx\/egresados\/wp-content\/uploads\/2026\/04\/WhatsApp-Image-2024-11-19-at-1.51.54-PM-1-edited-768x768.jpeg 768w\" sizes=\"auto, (max-width: 853px) 100vw, 853px\" \/><\/figure>\n<\/div>\n<\/div>\n","protected":false},"excerpt":{"rendered":"<p>\u201cEmpieza hoy tu camino internacional.\u201d<\/p>\n","protected":false},"author":2,"featured_media":0,"parent":0,"menu_order":0,"comment_status":"closed","ping_status":"closed","template":"","meta":{"footnotes":""},"class_list":["post-1220","page","type-page","status-publish","hentry"],"_links":{"self":[{"href":"https:\/\/www.lainter.edu.mx\/egresados\/wp-json\/wp\/v2\/pages\/1220","targetHints":{"allow":["GET"]}}],"collection":[{"href":"https:\/\/www.lainter.edu.mx\/egresados\/wp-json\/wp\/v2\/pages"}],"about":[{"href":"https:\/\/www.lainter.edu.mx\/egresados\/wp-json\/wp\/v2\/types\/page"}],"author":[{"embeddable":true,"href":"https:\/\/www.lainter.edu.mx\/egresados\/wp-json\/wp\/v2\/users\/2"}],"replies":[{"embeddable":true,"href":"https:\/\/www.lainter.edu.mx\/egresados\/wp-json\/wp\/v2\/comments?post=1220"}],"version-history":[{"count":5,"href":"https:\/\/www.lainter.edu.mx\/egresados\/wp-json\/wp\/v2\/pages\/1220\/revisions"}],"predecessor-version":[{"id":1432,"href":"https:\/\/www.lainter.edu.mx\/egresados\/wp-json\/wp\/v2\/pages\/1220\/revisions\/1432"}],"wp:attachment":[{"href":"https:\/\/www.lainter.edu.mx\/egresados\/wp-json\/wp\/v2\/media?parent=1220"}],"curies":[{"name":"wp","href":"https:\/\/api.w.org\/{rel}","templated":true}]}}