{"id":1189,"date":"2026-04-14T18:20:07","date_gmt":"2026-04-14T18:20:07","guid":{"rendered":"https:\/\/www.lainter.edu.mx\/egresados\/?page_id=1189"},"modified":"2026-04-15T20:57:03","modified_gmt":"2026-04-15T20:57:03","slug":"proyectos-internacionales","status":"publish","type":"page","link":"https:\/\/www.lainter.edu.mx\/egresados\/proyectos-internacionales\/","title":{"rendered":"PROYECTOS INTERNACIONALES"},"content":{"rendered":"\n<div class=\"wp-block-columns is-layout-flex wp-container-core-columns-is-layout-28f84493 wp-block-columns-is-layout-flex\">\n<div class=\"wp-block-column is-layout-flow wp-block-column-is-layout-flow\">\n<div class=\"wp-block-media-text is-stacked-on-mobile\" style=\"grid-template-columns:43% auto\"><figure class=\"wp-block-media-text__media\"><img loading=\"lazy\" decoding=\"async\" width=\"791\" height=\"1024\" src=\"https:\/\/www.lainter.edu.mx\/egresados\/wp-content\/uploads\/2026\/04\/coloquioportada-791x1024.png\" alt=\"\" class=\"wp-image-1279 size-full\" srcset=\"https:\/\/www.lainter.edu.mx\/egresados\/wp-content\/uploads\/2026\/04\/coloquioportada-791x1024.png 791w, https:\/\/www.lainter.edu.mx\/egresados\/wp-content\/uploads\/2026\/04\/coloquioportada-232x300.png 232w, https:\/\/www.lainter.edu.mx\/egresados\/wp-content\/uploads\/2026\/04\/coloquioportada-768x994.png 768w, https:\/\/www.lainter.edu.mx\/egresados\/wp-content\/uploads\/2026\/04\/coloquioportada-1187x1536.png 1187w, https:\/\/www.lainter.edu.mx\/egresados\/wp-content\/uploads\/2026\/04\/coloquioportada-1583x2048.png 1583w, https:\/\/www.lainter.edu.mx\/egresados\/wp-content\/uploads\/2026\/04\/coloquioportada-scaled.png 1978w\" sizes=\"auto, (max-width: 791px) 100vw, 791px\" \/><\/figure><div class=\"wp-block-media-text__content\">\n<h2 class=\"wp-block-heading\"><strong>1er Coloquio Latinoam\u00e9ricano<\/strong><\/h2>\n\n\n\n<p><strong>Objetivo General<\/strong><br>Generar un espacio de di\u00e1logo \u00e1gil y enriquecedor sobre estrategias innovadoras de<br>acompa\u00f1amiento estudiantil, que fortalezcan el sentido de pertenencia y el desarrollo integral en contextos digitales.<\/p>\n\n\n\n<p><strong>L\u00edneas Tem\u00e1ticas<\/strong><\/p>\n\n\n\n<ol class=\"wp-block-list\">\n<li>Integraci\u00f3n y apoyo al estudiante en el primer a\u00f1o:<br>\u2212 Estrategias de bienvenida y acompa\u00f1amiento emocional<br>\u2212 Herramientas digitales para el seguimiento psicopedag\u00f3gico<\/li>\n\n\n\n<li>Construcci\u00f3n de comunidad y desarrollo profesional:<br>\u2212 Comunidades virtuales de aprendizaje y pertenencia<br>\u2212 Vinculaci\u00f3n con el entorno laboral desde plataformas digitales<\/li>\n<\/ol>\n\n\n\n<div class=\"wp-block-columns is-layout-flex wp-container-core-columns-is-layout-28f84493 wp-block-columns-is-layout-flex\">\n<div class=\"wp-block-column is-layout-flow wp-block-column-is-layout-flow\"><\/div>\n\n\n\n<div class=\"wp-block-column is-layout-flow wp-block-column-is-layout-flow\">\n<hr class=\"wp-block-separator has-alpha-channel-opacity\"\/>\n<\/div>\n\n\n\n<div class=\"wp-block-column is-layout-flow wp-block-column-is-layout-flow\"><\/div>\n<\/div>\n\n\n\n<div class=\"wp-block-columns is-layout-flex wp-container-core-columns-is-layout-28f84493 wp-block-columns-is-layout-flex\">\n<div class=\"wp-block-column is-layout-flow wp-block-column-is-layout-flow\">\n<div class=\"wp-block-buttons is-content-justification-center is-layout-flex wp-container-core-buttons-is-layout-a89b3969 wp-block-buttons-is-layout-flex\">\n<div class=\"wp-block-button\"><a class=\"wp-block-button__link wp-element-button\" href=\"https:\/\/www.lainter.edu.mx\/egresados\/wp-content\/uploads\/2026\/04\/Booklet-1er-Coloquio-Latinoamericano.pdf\" target=\"_blank\" rel=\"noreferrer noopener\">Descarga el Booklet oficial del Evento<\/a><\/div>\n\n\n\n<div class=\"wp-block-button\"><a class=\"wp-block-button__link wp-element-button\" href=\"https:\/\/www.youtube.com\/watch?v=mnf6EUnZqOI\">Ver evento<\/a><\/div>\n<\/div>\n<\/div>\n<\/div>\n<\/div><\/div>\n<\/div>\n<\/div>\n\n\n\n<div class=\"wp-block-media-text has-media-on-the-right is-stacked-on-mobile\"><div class=\"wp-block-media-text__content\">\n<h2 class=\"wp-block-heading\"><strong>Clases Espejo<\/strong><\/h2>\n\n\n\n<p><strong>Conecta tu aula con el mundo, sin salir del campus.<\/strong><\/p>\n\n\n\n<p>En la Universidad Interamericana, las Clases Espejo son una estrategia acad\u00e9mica internacional que vincula a nuestros estudiantes y docentes con universidades extranjeras a trav\u00e9s de sesiones compartidas en tiempo real.<\/p>\n\n\n\n<p>Este modelo permite que dos grupos \u2014de distintos pa\u00edses\u2014 trabajen de forma colaborativa en una misma asignatura, intercambiando perspectivas, conocimientos y experiencias culturales.<\/p>\n\n\n\n<p>Las Clases Espejo forman parte de nuestro compromiso con la internacionalizaci\u00f3n acad\u00e9mica, preparando a nuestros estudiantes para destacar en un entorno global cada vez m\u00e1s competitivo.<\/p>\n<\/div><figure class=\"wp-block-media-text__media\"><img loading=\"lazy\" decoding=\"async\" width=\"1024\" height=\"768\" src=\"https:\/\/www.lainter.edu.mx\/egresados\/wp-content\/uploads\/2026\/04\/WhatsApp-Image-2025-07-28-at-12.25.18-PM-1024x768.jpeg\" alt=\"\" class=\"wp-image-1285 size-full\" srcset=\"https:\/\/www.lainter.edu.mx\/egresados\/wp-content\/uploads\/2026\/04\/WhatsApp-Image-2025-07-28-at-12.25.18-PM-1024x768.jpeg 1024w, https:\/\/www.lainter.edu.mx\/egresados\/wp-content\/uploads\/2026\/04\/WhatsApp-Image-2025-07-28-at-12.25.18-PM-300x225.jpeg 300w, https:\/\/www.lainter.edu.mx\/egresados\/wp-content\/uploads\/2026\/04\/WhatsApp-Image-2025-07-28-at-12.25.18-PM-768x576.jpeg 768w, https:\/\/www.lainter.edu.mx\/egresados\/wp-content\/uploads\/2026\/04\/WhatsApp-Image-2025-07-28-at-12.25.18-PM-1536x1152.jpeg 1536w, https:\/\/www.lainter.edu.mx\/egresados\/wp-content\/uploads\/2026\/04\/WhatsApp-Image-2025-07-28-at-12.25.18-PM.jpeg 1600w\" sizes=\"auto, (max-width: 1024px) 100vw, 1024px\" \/><\/figure><\/div>\n\n\n\n<div style=\"height:25px\" aria-hidden=\"true\" class=\"wp-block-spacer\"><\/div>\n\n\n\n<div class=\"wp-block-media-text is-stacked-on-mobile\"><figure class=\"wp-block-media-text__media\"><img loading=\"lazy\" decoding=\"async\" width=\"1024\" height=\"769\" src=\"https:\/\/www.lainter.edu.mx\/egresados\/wp-content\/uploads\/2026\/04\/WhatsApp-Image-2025-05-30-at-11.23.30-AM-1-1024x769.jpeg\" alt=\"\" class=\"wp-image-1405 size-full\" srcset=\"https:\/\/www.lainter.edu.mx\/egresados\/wp-content\/uploads\/2026\/04\/WhatsApp-Image-2025-05-30-at-11.23.30-AM-1-1024x769.jpeg 1024w, https:\/\/www.lainter.edu.mx\/egresados\/wp-content\/uploads\/2026\/04\/WhatsApp-Image-2025-05-30-at-11.23.30-AM-1-300x225.jpeg 300w, https:\/\/www.lainter.edu.mx\/egresados\/wp-content\/uploads\/2026\/04\/WhatsApp-Image-2025-05-30-at-11.23.30-AM-1-768x576.jpeg 768w, https:\/\/www.lainter.edu.mx\/egresados\/wp-content\/uploads\/2026\/04\/WhatsApp-Image-2025-05-30-at-11.23.30-AM-1-1536x1153.jpeg 1536w, https:\/\/www.lainter.edu.mx\/egresados\/wp-content\/uploads\/2026\/04\/WhatsApp-Image-2025-05-30-at-11.23.30-AM-1.jpeg 1600w\" sizes=\"auto, (max-width: 1024px) 100vw, 1024px\" \/><\/figure><div class=\"wp-block-media-text__content\">\n<h2 class=\"wp-block-heading\"><strong>DI\u00c1LOGO AUSTRALIA<\/strong><\/h2>\n\n\n\n<p>La Universidad Interamericana, a trav\u00e9s de la Jefatura de Intercambios, particip\u00f3 en el Di\u00e1logo Bilateral de Educaci\u00f3n Superior Australia\u2013M\u00e9xico, organizado por la Embajada de Australia en M\u00e9xico en colaboraci\u00f3n con CETYS Universidad.<\/p>\n\n\n\n<p>Este espacio permiti\u00f3 fortalecer la proyecci\u00f3n internacional de la instituci\u00f3n, generar v\u00ednculos estrat\u00e9gicos con universidades australianas y explorar oportunidades de colaboraci\u00f3n en movilidad acad\u00e9mica, investigaci\u00f3n y desarrollo institucional, consolidando as\u00ed el compromiso de la Inter con la internacionalizaci\u00f3n.<\/p>\n\n\n\n<p><\/p>\n\n\n\n<div class=\"wp-block-buttons is-layout-flex wp-block-buttons-is-layout-flex\">\n<div class=\"wp-block-button\"><a class=\"wp-block-button__link wp-element-button\" href=\"https:\/\/www.lainter.edu.mx\/egresados\/wp-content\/uploads\/2026\/04\/Participants-Booklet-AusMex-Dialogue-Final.pdf\" target=\"_blank\" rel=\"noreferrer noopener\">Descargar el Booklet del evento<\/a><\/div>\n<\/div>\n<\/div><\/div>\n\n\n\n<div style=\"height:42px\" aria-hidden=\"true\" class=\"wp-block-spacer\"><\/div>\n\n\n\n<h2 class=\"wp-block-heading has-text-align-center\">\u201cExperiencias globales sin salir del campus.\u201d<\/h2>\n\n\n\n<p><\/p>\n","protected":false},"excerpt":{"rendered":"<p>1er Coloquio Latinoam\u00e9ricano Objetivo GeneralGenerar un espacio de di\u00e1logo \u00e1gil y enriquecedor sobre estrategias innovadoras deacompa\u00f1amiento estudiantil, que fortalezcan el sentido de pertenencia y el desarrollo integral en contextos digitales. L\u00edneas Tem\u00e1ticas Clases Espejo Conecta tu aula con el mundo, sin salir del campus. En la Universidad Interamericana, las Clases Espejo son una estrategia acad\u00e9mica [&hellip;]<\/p>\n","protected":false},"author":2,"featured_media":0,"parent":0,"menu_order":0,"comment_status":"closed","ping_status":"closed","template":"","meta":{"footnotes":""},"class_list":["post-1189","page","type-page","status-publish","hentry"],"_links":{"self":[{"href":"https:\/\/www.lainter.edu.mx\/egresados\/wp-json\/wp\/v2\/pages\/1189","targetHints":{"allow":["GET"]}}],"collection":[{"href":"https:\/\/www.lainter.edu.mx\/egresados\/wp-json\/wp\/v2\/pages"}],"about":[{"href":"https:\/\/www.lainter.edu.mx\/egresados\/wp-json\/wp\/v2\/types\/page"}],"author":[{"embeddable":true,"href":"https:\/\/www.lainter.edu.mx\/egresados\/wp-json\/wp\/v2\/users\/2"}],"replies":[{"embeddable":true,"href":"https:\/\/www.lainter.edu.mx\/egresados\/wp-json\/wp\/v2\/comments?post=1189"}],"version-history":[{"count":18,"href":"https:\/\/www.lainter.edu.mx\/egresados\/wp-json\/wp\/v2\/pages\/1189\/revisions"}],"predecessor-version":[{"id":1459,"href":"https:\/\/www.lainter.edu.mx\/egresados\/wp-json\/wp\/v2\/pages\/1189\/revisions\/1459"}],"wp:attachment":[{"href":"https:\/\/www.lainter.edu.mx\/egresados\/wp-json\/wp\/v2\/media?parent=1189"}],"curies":[{"name":"wp","href":"https:\/\/api.w.org\/{rel}","templated":true}]}}