{"id":1187,"date":"2026-04-14T18:19:39","date_gmt":"2026-04-14T18:19:39","guid":{"rendered":"https:\/\/www.lainter.edu.mx\/egresados\/?page_id=1187"},"modified":"2026-04-15T20:58:00","modified_gmt":"2026-04-15T20:58:00","slug":"convenios-internacionales","status":"publish","type":"page","link":"https:\/\/www.lainter.edu.mx\/egresados\/convenios-internacionales\/","title":{"rendered":"CONVENIOS INTERNACIONALES"},"content":{"rendered":"\n<h3 class=\"wp-block-heading\"><strong>Conectado con el mundo<\/strong><\/h3>\n\n\n\n<h5 class=\"wp-block-heading\">La Universidad Interamericana cuenta con alianzas estrat\u00e9gicas con instituciones nacionales e internacionales que permiten a sus estudiantes acceder a experiencias acad\u00e9micas globales.<\/h5>\n\n\n\n<figure class=\"wp-block-image aligncenter size-full is-resized\"><img loading=\"lazy\" decoding=\"async\" width=\"744\" height=\"602\" src=\"https:\/\/www.lainter.edu.mx\/egresados\/wp-content\/uploads\/2026\/04\/MAPA-4.png\" alt=\"\" class=\"wp-image-1377\" style=\"aspect-ratio:1.376311199254498;width:991px;height:auto\" srcset=\"https:\/\/www.lainter.edu.mx\/egresados\/wp-content\/uploads\/2026\/04\/MAPA-4.png 744w, https:\/\/www.lainter.edu.mx\/egresados\/wp-content\/uploads\/2026\/04\/MAPA-4-300x243.png 300w\" sizes=\"auto, (max-width: 744px) 100vw, 744px\" \/><\/figure>\n\n\n\n<div style=\"height:27px\" aria-hidden=\"true\" class=\"wp-block-spacer\"><\/div>\n\n\n\n<hr class=\"wp-block-separator has-alpha-channel-opacity\"\/>\n\n\n\n<div class=\"wp-block-columns is-layout-flex wp-container-core-columns-is-layout-28f84493 wp-block-columns-is-layout-flex\">\n<div class=\"wp-block-column is-layout-flow wp-block-column-is-layout-flow\">\n<figure class=\"wp-block-image size-large\"><img loading=\"lazy\" decoding=\"async\" width=\"1024\" height=\"502\" src=\"https:\/\/www.lainter.edu.mx\/egresados\/wp-content\/uploads\/2026\/04\/2560px-RCLogo.svg_-1024x502.png\" alt=\"\" class=\"wp-image-1230\" srcset=\"https:\/\/www.lainter.edu.mx\/egresados\/wp-content\/uploads\/2026\/04\/2560px-RCLogo.svg_-1024x502.png 1024w, https:\/\/www.lainter.edu.mx\/egresados\/wp-content\/uploads\/2026\/04\/2560px-RCLogo.svg_-300x147.png 300w, https:\/\/www.lainter.edu.mx\/egresados\/wp-content\/uploads\/2026\/04\/2560px-RCLogo.svg_-768x377.png 768w, https:\/\/www.lainter.edu.mx\/egresados\/wp-content\/uploads\/2026\/04\/2560px-RCLogo.svg_-1536x754.png 1536w, https:\/\/www.lainter.edu.mx\/egresados\/wp-content\/uploads\/2026\/04\/2560px-RCLogo.svg_-2048x1005.png 2048w\" sizes=\"auto, (max-width: 1024px) 100vw, 1024px\" \/><\/figure>\n<\/div>\n\n\n\n<div class=\"wp-block-column is-layout-flow wp-block-column-is-layout-flow\">\n<figure class=\"wp-block-image size-full\"><img loading=\"lazy\" decoding=\"async\" width=\"400\" height=\"145\" src=\"https:\/\/www.lainter.edu.mx\/egresados\/wp-content\/uploads\/2026\/04\/animafest.png\" alt=\"\" class=\"wp-image-1233\" srcset=\"https:\/\/www.lainter.edu.mx\/egresados\/wp-content\/uploads\/2026\/04\/animafest.png 400w, https:\/\/www.lainter.edu.mx\/egresados\/wp-content\/uploads\/2026\/04\/animafest-300x109.png 300w\" sizes=\"auto, (max-width: 400px) 100vw, 400px\" \/><\/figure>\n<\/div>\n\n\n\n<div class=\"wp-block-column is-vertically-aligned-center is-layout-flow wp-block-column-is-layout-flow\">\n<figure class=\"wp-block-image aligncenter size-full is-resized\"><img loading=\"lazy\" decoding=\"async\" width=\"210\" height=\"228\" src=\"https:\/\/www.lainter.edu.mx\/egresados\/wp-content\/uploads\/2026\/04\/1200px-Logo_UM.png\" alt=\"\" class=\"wp-image-1232\" style=\"aspect-ratio:0.9211149571871015;width:108px;height:auto\"\/><\/figure>\n<\/div>\n<\/div>\n\n\n\n<div class=\"wp-block-columns is-layout-flex wp-container-core-columns-is-layout-28f84493 wp-block-columns-is-layout-flex\">\n<div class=\"wp-block-column is-layout-flow wp-block-column-is-layout-flow\">\n<figure class=\"wp-block-image aligncenter size-full is-resized\"><img loading=\"lazy\" decoding=\"async\" width=\"266\" height=\"300\" src=\"https:\/\/www.lainter.edu.mx\/egresados\/wp-content\/uploads\/2026\/04\/university-of-victoria-logo-98CE9807CA-seeklogo.com_.png\" alt=\"\" class=\"wp-image-1253\" style=\"aspect-ratio:0.8866978325541861;width:122px;height:auto\"\/><\/figure>\n<\/div>\n\n\n\n<div class=\"wp-block-column is-layout-flow wp-block-column-is-layout-flow\">\n<figure class=\"wp-block-image aligncenter size-full\"><img loading=\"lazy\" decoding=\"async\" width=\"160\" height=\"154\" src=\"https:\/\/www.lainter.edu.mx\/egresados\/wp-content\/uploads\/2026\/04\/uc_marca2.png\" alt=\"\" class=\"wp-image-1254\"\/><\/figure>\n<\/div>\n\n\n\n<div class=\"wp-block-column is-layout-flow wp-block-column-is-layout-flow\">\n<figure class=\"wp-block-image aligncenter size-full is-resized\"><img loading=\"lazy\" decoding=\"async\" width=\"646\" height=\"346\" src=\"https:\/\/www.lainter.edu.mx\/egresados\/wp-content\/uploads\/2026\/04\/universidad-de-quintana-roo-Photoroom.png\" alt=\"\" class=\"wp-image-1257\" style=\"aspect-ratio:1.8671084115589913;width:291px;height:auto\" srcset=\"https:\/\/www.lainter.edu.mx\/egresados\/wp-content\/uploads\/2026\/04\/universidad-de-quintana-roo-Photoroom.png 646w, https:\/\/www.lainter.edu.mx\/egresados\/wp-content\/uploads\/2026\/04\/universidad-de-quintana-roo-Photoroom-300x161.png 300w\" sizes=\"auto, (max-width: 646px) 100vw, 646px\" \/><\/figure>\n<\/div>\n<\/div>\n\n\n\n<div class=\"wp-block-columns is-layout-flex wp-container-core-columns-is-layout-28f84493 wp-block-columns-is-layout-flex\">\n<div class=\"wp-block-column is-layout-flow wp-block-column-is-layout-flow\">\n<figure class=\"wp-block-image aligncenter size-full\"><img loading=\"lazy\" decoding=\"async\" width=\"106\" height=\"130\" src=\"https:\/\/www.lainter.edu.mx\/egresados\/wp-content\/uploads\/2026\/04\/Asset-1@2x-pveg1681havnv8ynfwuche2xlykhq1o4wskt96ymf4-1.png\" alt=\"\" class=\"wp-image-1235\"\/><\/figure>\n<\/div>\n\n\n\n<div class=\"wp-block-column is-layout-flow wp-block-column-is-layout-flow\">\n<figure class=\"wp-block-image aligncenter size-large is-resized\"><img loading=\"lazy\" decoding=\"async\" width=\"1024\" height=\"656\" src=\"https:\/\/www.lainter.edu.mx\/egresados\/wp-content\/uploads\/2026\/04\/cropped-Yummy-Jobs-American-Flag-Logo-1024x656.png\" alt=\"\" class=\"wp-image-1236\" style=\"width:222px;height:auto\" srcset=\"https:\/\/www.lainter.edu.mx\/egresados\/wp-content\/uploads\/2026\/04\/cropped-Yummy-Jobs-American-Flag-Logo-1024x656.png 1024w, https:\/\/www.lainter.edu.mx\/egresados\/wp-content\/uploads\/2026\/04\/cropped-Yummy-Jobs-American-Flag-Logo-300x192.png 300w, https:\/\/www.lainter.edu.mx\/egresados\/wp-content\/uploads\/2026\/04\/cropped-Yummy-Jobs-American-Flag-Logo-768x492.png 768w, https:\/\/www.lainter.edu.mx\/egresados\/wp-content\/uploads\/2026\/04\/cropped-Yummy-Jobs-American-Flag-Logo.png 1173w\" sizes=\"auto, (max-width: 1024px) 100vw, 1024px\" \/><\/figure>\n<\/div>\n\n\n\n<div class=\"wp-block-column is-layout-flow wp-block-column-is-layout-flow\">\n<figure class=\"wp-block-image aligncenter size-full is-resized\"><img loading=\"lazy\" decoding=\"async\" width=\"793\" height=\"305\" src=\"https:\/\/www.lainter.edu.mx\/egresados\/wp-content\/uploads\/2026\/04\/Enti-Enti-logo-uerre-removebg-preview.png\" alt=\"\" class=\"wp-image-1237\" style=\"aspect-ratio:2.6000256311674996;width:247px;height:auto\" srcset=\"https:\/\/www.lainter.edu.mx\/egresados\/wp-content\/uploads\/2026\/04\/Enti-Enti-logo-uerre-removebg-preview.png 793w, https:\/\/www.lainter.edu.mx\/egresados\/wp-content\/uploads\/2026\/04\/Enti-Enti-logo-uerre-removebg-preview-300x115.png 300w, https:\/\/www.lainter.edu.mx\/egresados\/wp-content\/uploads\/2026\/04\/Enti-Enti-logo-uerre-removebg-preview-768x295.png 768w\" sizes=\"auto, (max-width: 793px) 100vw, 793px\" \/><\/figure>\n<\/div>\n<\/div>\n\n\n\n<div class=\"wp-block-columns is-layout-flex wp-container-core-columns-is-layout-28f84493 wp-block-columns-is-layout-flex\">\n<div class=\"wp-block-column is-layout-flow wp-block-column-is-layout-flow\">\n<figure class=\"wp-block-image aligncenter size-full is-resized\"><img loading=\"lazy\" decoding=\"async\" width=\"345\" height=\"146\" src=\"https:\/\/www.lainter.edu.mx\/egresados\/wp-content\/uploads\/2026\/04\/images.jpg\" alt=\"\" class=\"wp-image-1238\" style=\"aspect-ratio:2.3631916132789748;width:234px;height:auto\" srcset=\"https:\/\/www.lainter.edu.mx\/egresados\/wp-content\/uploads\/2026\/04\/images.jpg 345w, https:\/\/www.lainter.edu.mx\/egresados\/wp-content\/uploads\/2026\/04\/images-300x127.jpg 300w\" sizes=\"auto, (max-width: 345px) 100vw, 345px\" \/><\/figure>\n<\/div>\n\n\n\n<div class=\"wp-block-column is-layout-flow wp-block-column-is-layout-flow\">\n<figure class=\"wp-block-image aligncenter size-large\"><img loading=\"lazy\" decoding=\"async\" width=\"1024\" height=\"205\" src=\"https:\/\/www.lainter.edu.mx\/egresados\/wp-content\/uploads\/2026\/04\/libertadores_logo-1024x205.png\" alt=\"\" class=\"wp-image-1240\" srcset=\"https:\/\/www.lainter.edu.mx\/egresados\/wp-content\/uploads\/2026\/04\/libertadores_logo-1024x205.png 1024w, https:\/\/www.lainter.edu.mx\/egresados\/wp-content\/uploads\/2026\/04\/libertadores_logo-300x60.png 300w, https:\/\/www.lainter.edu.mx\/egresados\/wp-content\/uploads\/2026\/04\/libertadores_logo-768x154.png 768w, https:\/\/www.lainter.edu.mx\/egresados\/wp-content\/uploads\/2026\/04\/libertadores_logo.png 1200w\" sizes=\"auto, (max-width: 1024px) 100vw, 1024px\" \/><\/figure>\n<\/div>\n\n\n\n<div class=\"wp-block-column is-layout-flow wp-block-column-is-layout-flow\">\n<figure class=\"wp-block-image aligncenter size-full is-resized\"><img loading=\"lazy\" decoding=\"async\" width=\"391\" height=\"129\" src=\"https:\/\/www.lainter.edu.mx\/egresados\/wp-content\/uploads\/2026\/04\/images.png\" alt=\"\" class=\"wp-image-1239\" style=\"aspect-ratio:3.03122665471388;width:282px;height:auto\" srcset=\"https:\/\/www.lainter.edu.mx\/egresados\/wp-content\/uploads\/2026\/04\/images.png 391w, https:\/\/www.lainter.edu.mx\/egresados\/wp-content\/uploads\/2026\/04\/images-300x99.png 300w\" sizes=\"auto, (max-width: 391px) 100vw, 391px\" \/><\/figure>\n<\/div>\n<\/div>\n\n\n\n<div class=\"wp-block-columns is-layout-flex wp-container-core-columns-is-layout-28f84493 wp-block-columns-is-layout-flex\">\n<div class=\"wp-block-column is-layout-flow wp-block-column-is-layout-flow\">\n<figure class=\"wp-block-image aligncenter size-large is-resized\"><img loading=\"lazy\" decoding=\"async\" width=\"1024\" height=\"931\" src=\"https:\/\/www.lainter.edu.mx\/egresados\/wp-content\/uploads\/2026\/04\/Logo_de_la_UAZ.svg_-1024x931.png\" alt=\"\" class=\"wp-image-1242\" style=\"aspect-ratio:1.0999186771482787;width:156px;height:auto\" srcset=\"https:\/\/www.lainter.edu.mx\/egresados\/wp-content\/uploads\/2026\/04\/Logo_de_la_UAZ.svg_-1024x931.png 1024w, https:\/\/www.lainter.edu.mx\/egresados\/wp-content\/uploads\/2026\/04\/Logo_de_la_UAZ.svg_-300x273.png 300w, https:\/\/www.lainter.edu.mx\/egresados\/wp-content\/uploads\/2026\/04\/Logo_de_la_UAZ.svg_-768x698.png 768w, https:\/\/www.lainter.edu.mx\/egresados\/wp-content\/uploads\/2026\/04\/Logo_de_la_UAZ.svg_.png 1200w\" sizes=\"auto, (max-width: 1024px) 100vw, 1024px\" \/><\/figure>\n<\/div>\n\n\n\n<div class=\"wp-block-column is-layout-flow wp-block-column-is-layout-flow\">\n<figure class=\"wp-block-image aligncenter size-large is-resized\"><img loading=\"lazy\" decoding=\"async\" width=\"1024\" height=\"351\" src=\"https:\/\/www.lainter.edu.mx\/egresados\/wp-content\/uploads\/2026\/04\/logo-horizontal-toca-viajar-rojo-1024x351.png\" alt=\"\" class=\"wp-image-1241\" style=\"aspect-ratio:2.9174575783721597;width:267px;height:auto\" srcset=\"https:\/\/www.lainter.edu.mx\/egresados\/wp-content\/uploads\/2026\/04\/logo-horizontal-toca-viajar-rojo-1024x351.png 1024w, https:\/\/www.lainter.edu.mx\/egresados\/wp-content\/uploads\/2026\/04\/logo-horizontal-toca-viajar-rojo-300x103.png 300w, https:\/\/www.lainter.edu.mx\/egresados\/wp-content\/uploads\/2026\/04\/logo-horizontal-toca-viajar-rojo-768x263.png 768w, https:\/\/www.lainter.edu.mx\/egresados\/wp-content\/uploads\/2026\/04\/logo-horizontal-toca-viajar-rojo-1536x526.png 1536w, https:\/\/www.lainter.edu.mx\/egresados\/wp-content\/uploads\/2026\/04\/logo-horizontal-toca-viajar-rojo.png 1863w\" sizes=\"auto, (max-width: 1024px) 100vw, 1024px\" \/><\/figure>\n<\/div>\n\n\n\n<div class=\"wp-block-column is-layout-flow wp-block-column-is-layout-flow\">\n<figure class=\"wp-block-image aligncenter size-large is-resized\"><img loading=\"lazy\" decoding=\"async\" width=\"868\" height=\"1024\" src=\"https:\/\/www.lainter.edu.mx\/egresados\/wp-content\/uploads\/2026\/04\/LOGO-ART-SEC-IMPRESION-FONDO-TRANS-868x1024.png\" alt=\"\" class=\"wp-image-1243\" style=\"aspect-ratio:0.8480896246133266;width:119px;height:auto\" srcset=\"https:\/\/www.lainter.edu.mx\/egresados\/wp-content\/uploads\/2026\/04\/LOGO-ART-SEC-IMPRESION-FONDO-TRANS-868x1024.png 868w, https:\/\/www.lainter.edu.mx\/egresados\/wp-content\/uploads\/2026\/04\/LOGO-ART-SEC-IMPRESION-FONDO-TRANS-254x300.png 254w, https:\/\/www.lainter.edu.mx\/egresados\/wp-content\/uploads\/2026\/04\/LOGO-ART-SEC-IMPRESION-FONDO-TRANS-768x906.png 768w, https:\/\/www.lainter.edu.mx\/egresados\/wp-content\/uploads\/2026\/04\/LOGO-ART-SEC-IMPRESION-FONDO-TRANS.png 1122w\" sizes=\"auto, (max-width: 868px) 100vw, 868px\" \/><\/figure>\n<\/div>\n<\/div>\n\n\n\n<div class=\"wp-block-columns is-layout-flex wp-container-core-columns-is-layout-28f84493 wp-block-columns-is-layout-flex\">\n<div class=\"wp-block-column is-layout-flow wp-block-column-is-layout-flow\">\n<figure class=\"wp-block-image aligncenter size-large is-resized\"><img loading=\"lazy\" decoding=\"async\" width=\"1024\" height=\"347\" src=\"https:\/\/www.lainter.edu.mx\/egresados\/wp-content\/uploads\/2026\/04\/logouabcs1-1024x347.png\" alt=\"\" class=\"wp-image-1245\" style=\"aspect-ratio:2.9514111143439044;width:280px;height:auto\" srcset=\"https:\/\/www.lainter.edu.mx\/egresados\/wp-content\/uploads\/2026\/04\/logouabcs1-1024x347.png 1024w, https:\/\/www.lainter.edu.mx\/egresados\/wp-content\/uploads\/2026\/04\/logouabcs1-300x102.png 300w, https:\/\/www.lainter.edu.mx\/egresados\/wp-content\/uploads\/2026\/04\/logouabcs1-768x260.png 768w, https:\/\/www.lainter.edu.mx\/egresados\/wp-content\/uploads\/2026\/04\/logouabcs1-1536x520.png 1536w, https:\/\/www.lainter.edu.mx\/egresados\/wp-content\/uploads\/2026\/04\/logouabcs1-2048x694.png 2048w\" sizes=\"auto, (max-width: 1024px) 100vw, 1024px\" \/><\/figure>\n<\/div>\n\n\n\n<div class=\"wp-block-column is-layout-flow wp-block-column-is-layout-flow\">\n<figure class=\"wp-block-image aligncenter size-full is-resized\"><img loading=\"lazy\" decoding=\"async\" width=\"560\" height=\"419\" src=\"https:\/\/www.lainter.edu.mx\/egresados\/wp-content\/uploads\/2026\/04\/logo-quimera-transparente-550x420-1.png\" alt=\"\" class=\"wp-image-1244\" style=\"aspect-ratio:1.3365834376441135;width:188px;height:auto\" srcset=\"https:\/\/www.lainter.edu.mx\/egresados\/wp-content\/uploads\/2026\/04\/logo-quimera-transparente-550x420-1.png 560w, https:\/\/www.lainter.edu.mx\/egresados\/wp-content\/uploads\/2026\/04\/logo-quimera-transparente-550x420-1-300x224.png 300w\" sizes=\"auto, (max-width: 560px) 100vw, 560px\" \/><\/figure>\n<\/div>\n\n\n\n<div class=\"wp-block-column is-layout-flow wp-block-column-is-layout-flow\">\n<figure class=\"wp-block-image aligncenter size-full is-resized\"><img loading=\"lazy\" decoding=\"async\" width=\"372\" height=\"153\" src=\"https:\/\/www.lainter.edu.mx\/egresados\/wp-content\/uploads\/2026\/04\/logo-ule-escudo.png\" alt=\"\" class=\"wp-image-1246\" style=\"aspect-ratio:2.4314477468839883;width:263px;height:auto\" srcset=\"https:\/\/www.lainter.edu.mx\/egresados\/wp-content\/uploads\/2026\/04\/logo-ule-escudo.png 372w, https:\/\/www.lainter.edu.mx\/egresados\/wp-content\/uploads\/2026\/04\/logo-ule-escudo-300x123.png 300w\" sizes=\"auto, (max-width: 372px) 100vw, 372px\" \/><\/figure>\n<\/div>\n<\/div>\n\n\n\n<div class=\"wp-block-columns is-layout-flex wp-container-core-columns-is-layout-28f84493 wp-block-columns-is-layout-flex\">\n<div class=\"wp-block-column is-layout-flow wp-block-column-is-layout-flow\">\n<figure class=\"wp-block-image aligncenter size-large is-resized\"><img loading=\"lazy\" decoding=\"async\" width=\"1024\" height=\"435\" src=\"https:\/\/www.lainter.edu.mx\/egresados\/wp-content\/uploads\/2026\/04\/logo-usb-medellin-1024x435.png\" alt=\"\" class=\"wp-image-1247\" style=\"aspect-ratio:2.3541424924576466;width:257px;height:auto\" srcset=\"https:\/\/www.lainter.edu.mx\/egresados\/wp-content\/uploads\/2026\/04\/logo-usb-medellin-1024x435.png 1024w, https:\/\/www.lainter.edu.mx\/egresados\/wp-content\/uploads\/2026\/04\/logo-usb-medellin-300x127.png 300w, https:\/\/www.lainter.edu.mx\/egresados\/wp-content\/uploads\/2026\/04\/logo-usb-medellin-768x326.png 768w, https:\/\/www.lainter.edu.mx\/egresados\/wp-content\/uploads\/2026\/04\/logo-usb-medellin-1536x652.png 1536w, https:\/\/www.lainter.edu.mx\/egresados\/wp-content\/uploads\/2026\/04\/logo-usb-medellin-2048x870.png 2048w\" sizes=\"auto, (max-width: 1024px) 100vw, 1024px\" \/><\/figure>\n<\/div>\n\n\n\n<div class=\"wp-block-column is-layout-flow wp-block-column-is-layout-flow\">\n<figure class=\"wp-block-image aligncenter size-full is-resized\"><img loading=\"lazy\" decoding=\"async\" width=\"450\" height=\"138\" src=\"https:\/\/www.lainter.edu.mx\/egresados\/wp-content\/uploads\/2026\/04\/logo-usek-gris-oscuro.png\" alt=\"\" class=\"wp-image-1248\" style=\"aspect-ratio:3.2612120237903874;width:264px;height:auto\" srcset=\"https:\/\/www.lainter.edu.mx\/egresados\/wp-content\/uploads\/2026\/04\/logo-usek-gris-oscuro.png 450w, https:\/\/www.lainter.edu.mx\/egresados\/wp-content\/uploads\/2026\/04\/logo-usek-gris-oscuro-300x92.png 300w\" sizes=\"auto, (max-width: 450px) 100vw, 450px\" \/><\/figure>\n<\/div>\n\n\n\n<div class=\"wp-block-column is-layout-flow wp-block-column-is-layout-flow\">\n<figure class=\"wp-block-image aligncenter size-full is-resized\"><img loading=\"lazy\" decoding=\"async\" width=\"175\" height=\"215\" src=\"https:\/\/www.lainter.edu.mx\/egresados\/wp-content\/uploads\/2026\/04\/sd.png\" alt=\"\" class=\"wp-image-1249\" style=\"aspect-ratio:0.8140254382949467;width:96px;height:auto\"\/><\/figure>\n<\/div>\n<\/div>\n\n\n\n<div class=\"wp-block-columns is-layout-flex wp-container-core-columns-is-layout-28f84493 wp-block-columns-is-layout-flex\">\n<div class=\"wp-block-column is-layout-flow wp-block-column-is-layout-flow\">\n<figure class=\"wp-block-image aligncenter size-full is-resized\"><img loading=\"lazy\" decoding=\"async\" width=\"358\" height=\"141\" src=\"https:\/\/www.lainter.edu.mx\/egresados\/wp-content\/uploads\/2026\/04\/PORRES-Photoroom.png\" alt=\"\" class=\"wp-image-1258\" style=\"aspect-ratio:2.539173967459324;width:262px;height:auto\" srcset=\"https:\/\/www.lainter.edu.mx\/egresados\/wp-content\/uploads\/2026\/04\/PORRES-Photoroom.png 358w, https:\/\/www.lainter.edu.mx\/egresados\/wp-content\/uploads\/2026\/04\/PORRES-Photoroom-300x118.png 300w\" sizes=\"auto, (max-width: 358px) 100vw, 358px\" \/><\/figure>\n<\/div>\n\n\n\n<div class=\"wp-block-column is-layout-flow wp-block-column-is-layout-flow\">\n<figure class=\"wp-block-image aligncenter size-full is-resized\"><img loading=\"lazy\" decoding=\"async\" width=\"1258\" height=\"434\" src=\"https:\/\/www.lainter.edu.mx\/egresados\/wp-content\/uploads\/2026\/04\/662fbcef5ca44b1063cd6d84_SE_RGB_Horizontal_Black.png\" alt=\"\" class=\"wp-image-1262\" style=\"aspect-ratio:2.8993687337541774;width:238px;height:auto\" srcset=\"https:\/\/www.lainter.edu.mx\/egresados\/wp-content\/uploads\/2026\/04\/662fbcef5ca44b1063cd6d84_SE_RGB_Horizontal_Black.png 1258w, https:\/\/www.lainter.edu.mx\/egresados\/wp-content\/uploads\/2026\/04\/662fbcef5ca44b1063cd6d84_SE_RGB_Horizontal_Black-300x103.png 300w, https:\/\/www.lainter.edu.mx\/egresados\/wp-content\/uploads\/2026\/04\/662fbcef5ca44b1063cd6d84_SE_RGB_Horizontal_Black-1024x353.png 1024w, https:\/\/www.lainter.edu.mx\/egresados\/wp-content\/uploads\/2026\/04\/662fbcef5ca44b1063cd6d84_SE_RGB_Horizontal_Black-768x265.png 768w\" sizes=\"auto, (max-width: 1258px) 100vw, 1258px\" \/><\/figure>\n<\/div>\n\n\n\n<div class=\"wp-block-column is-layout-flow wp-block-column-is-layout-flow\">\n<figure class=\"wp-block-image aligncenter size-full is-resized\"><img loading=\"lazy\" decoding=\"async\" width=\"500\" height=\"263\" src=\"https:\/\/www.lainter.edu.mx\/egresados\/wp-content\/uploads\/2026\/04\/cun-Photoroom-1.png\" alt=\"\" class=\"wp-image-1261\" style=\"aspect-ratio:1.901417960837272;width:198px;height:auto\" srcset=\"https:\/\/www.lainter.edu.mx\/egresados\/wp-content\/uploads\/2026\/04\/cun-Photoroom-1.png 500w, https:\/\/www.lainter.edu.mx\/egresados\/wp-content\/uploads\/2026\/04\/cun-Photoroom-1-300x158.png 300w\" sizes=\"auto, (max-width: 500px) 100vw, 500px\" \/><\/figure>\n<\/div>\n<\/div>\n\n\n\n<div class=\"wp-block-columns is-layout-flex wp-container-core-columns-is-layout-28f84493 wp-block-columns-is-layout-flex\">\n<div class=\"wp-block-column is-layout-flow wp-block-column-is-layout-flow\"><\/div>\n\n\n\n<div class=\"wp-block-column is-layout-flow wp-block-column-is-layout-flow\"><\/div>\n\n\n\n<div class=\"wp-block-column is-layout-flow wp-block-column-is-layout-flow\"><\/div>\n<\/div>\n\n\n\n<div class=\"wp-block-media-text alignwide has-media-on-the-right is-stacked-on-mobile\" style=\"grid-template-columns:auto 47%\"><div class=\"wp-block-media-text__content\">\n<p class=\"has-regular-font-size\"><strong>TRAMITES DE VISA PARA EL EXTRANJERO<\/strong><\/p>\n\n\n\n<p class=\"has-medium-font-size\">La creciente movilidad de estudiantes y la necesidad de facilitar sus experiencias acad\u00e9micas en el extranjero hacen que la gesti\u00f3n de visados se convierta en un proceso esencial, pero muchas veces complejo. En este sentido, contamos con un convenio vigente con la agencia TOCA VIAJAR quienes han desarrollado un servicio que asegura a estudiantes y familias una gesti\u00f3n eficiente, \u00e1gil y sin contratiempos, adapt\u00e1ndose a los requisitos y normativas de cada pa\u00eds.<\/p>\n\n\n\n<p><\/p>\n\n\n\n<p>El uso de este servicio es una decisi\u00f3n personal de los estudiantes o sus padres, sin responsabilidad para la Universidad..<\/p>\n\n\n\n<div class=\"wp-block-buttons is-layout-flex wp-block-buttons-is-layout-flex\">\n<div class=\"wp-block-button\"><a class=\"wp-block-button__link wp-element-button\" href=\"https:\/\/www.lainter.edu.mx\/egresados\/wp-content\/uploads\/2025\/02\/REQUISITOS-PARA-TRAMITAR-VISA-PARA-CANADA.pdf\" target=\"_blank\" rel=\"noreferrer noopener\">VISA CANADIENSE<\/a><\/div>\n\n\n\n<div class=\"wp-block-button\"><a class=\"wp-block-button__link wp-element-button\" href=\"https:\/\/www.lainter.edu.mx\/egresados\/wp-content\/uploads\/2025\/02\/REQUISITOS-PARA-TRAMITAR-VISA-PARA-ESTADOS-UNIDOS.pdf\" target=\"_blank\" rel=\"noreferrer noopener\">VISA PARA ESTADOS UNIDOS<\/a><\/div>\n<\/div>\n<\/div><figure class=\"wp-block-media-text__media\"><img loading=\"lazy\" decoding=\"async\" width=\"1024\" height=\"576\" src=\"https:\/\/www.lainter.edu.mx\/egresados\/wp-content\/uploads\/2025\/02\/pasaporte-mexicanos-paises-sin-visa-093638-1024x576.jpg\" alt=\"\" class=\"wp-image-912 size-full\" srcset=\"https:\/\/www.lainter.edu.mx\/egresados\/wp-content\/uploads\/2025\/02\/pasaporte-mexicanos-paises-sin-visa-093638-1024x576.jpg 1024w, https:\/\/www.lainter.edu.mx\/egresados\/wp-content\/uploads\/2025\/02\/pasaporte-mexicanos-paises-sin-visa-093638-300x169.jpg 300w, https:\/\/www.lainter.edu.mx\/egresados\/wp-content\/uploads\/2025\/02\/pasaporte-mexicanos-paises-sin-visa-093638-768x432.jpg 768w, https:\/\/www.lainter.edu.mx\/egresados\/wp-content\/uploads\/2025\/02\/pasaporte-mexicanos-paises-sin-visa-093638.jpg 1200w\" sizes=\"auto, (max-width: 1024px) 100vw, 1024px\" \/><\/figure><\/div>\n\n\n\n<p><\/p>\n","protected":false},"excerpt":{"rendered":"<p>Conectado con el mundo La Universidad Interamericana cuenta con alianzas estrat\u00e9gicas con instituciones nacionales e internacionales que permiten a sus estudiantes acceder a experiencias acad\u00e9micas globales.<\/p>\n","protected":false},"author":2,"featured_media":0,"parent":0,"menu_order":0,"comment_status":"closed","ping_status":"closed","template":"","meta":{"footnotes":""},"class_list":["post-1187","page","type-page","status-publish","hentry"],"_links":{"self":[{"href":"https:\/\/www.lainter.edu.mx\/egresados\/wp-json\/wp\/v2\/pages\/1187","targetHints":{"allow":["GET"]}}],"collection":[{"href":"https:\/\/www.lainter.edu.mx\/egresados\/wp-json\/wp\/v2\/pages"}],"about":[{"href":"https:\/\/www.lainter.edu.mx\/egresados\/wp-json\/wp\/v2\/types\/page"}],"author":[{"embeddable":true,"href":"https:\/\/www.lainter.edu.mx\/egresados\/wp-json\/wp\/v2\/users\/2"}],"replies":[{"embeddable":true,"href":"https:\/\/www.lainter.edu.mx\/egresados\/wp-json\/wp\/v2\/comments?post=1187"}],"version-history":[{"count":12,"href":"https:\/\/www.lainter.edu.mx\/egresados\/wp-json\/wp\/v2\/pages\/1187\/revisions"}],"predecessor-version":[{"id":1461,"href":"https:\/\/www.lainter.edu.mx\/egresados\/wp-json\/wp\/v2\/pages\/1187\/revisions\/1461"}],"wp:attachment":[{"href":"https:\/\/www.lainter.edu.mx\/egresados\/wp-json\/wp\/v2\/media?parent=1187"}],"curies":[{"name":"wp","href":"https:\/\/api.w.org\/{rel}","templated":true}]}}