{"id":1185,"date":"2026-04-14T18:19:22","date_gmt":"2026-04-14T18:19:22","guid":{"rendered":"https:\/\/www.lainter.edu.mx\/egresados\/?page_id=1185"},"modified":"2026-04-15T20:19:52","modified_gmt":"2026-04-15T20:19:52","slug":"intercambios-licenciatura","status":"publish","type":"page","link":"https:\/\/www.lainter.edu.mx\/egresados\/intercambios-licenciatura\/","title":{"rendered":"INTERCAMBIOS LICENCIATURA"},"content":{"rendered":"\n<div class=\"wp-block-media-text alignwide has-media-on-the-right is-stacked-on-mobile\"><div class=\"wp-block-media-text__content\">\n<p class=\"has-regular-font-size\"><strong>INTERCAMBIO NACIONAL LICENCIATURA<\/strong><\/p>\n\n\n\n<p class=\"has-medium-font-size\">El intercambio acad\u00e9mico nacional permite a nuestros estudiantes movilizarse temporalmente a otra Universidad mexicana fuera de Puebla para cursar un periodo acad\u00e9mico y que pueda adentrarse a otras tradiciones y costumbres dentro de nuestro mismo pa\u00eds. <\/p>\n\n\n\n<p class=\"has-medium-font-size\"><strong><strong><strong>(3 CONVOCATORIAS DISPONIBLE<\/strong><\/strong>S).<\/strong><\/p>\n\n\n\n<div class=\"wp-block-buttons is-layout-flex wp-block-buttons-is-layout-flex\">\n<div class=\"wp-block-button is-style-fill\"><a class=\"wp-block-button__link wp-element-button\" href=\"https:\/\/www.lainter.edu.mx\/egresados\/wp-content\/uploads\/2026\/02\/Movilidad-Otono-2026-2-1.png\" target=\"_blank\" rel=\"noreferrer noopener\">QUINTANA ROO<\/a><\/div>\n\n\n\n<div class=\"wp-block-button is-style-fill\"><a class=\"wp-block-button__link wp-element-button\" href=\"https:\/\/www.lainter.edu.mx\/egresados\/wp-content\/uploads\/2026\/03\/CN-SAC.07-03-Convocatoria-estudiantes-visitantes-2026-2.pdf\" target=\"_blank\" rel=\"noreferrer noopener\">ZACATECAS<\/a><\/div>\n\n\n\n<div class=\"wp-block-button is-style-fill\"><a class=\"wp-block-button__link wp-element-button\" href=\"https:\/\/www.u-erre.talisis.com\/vida-estudiantil\/intercambios\" target=\"_blank\" rel=\"noreferrer noopener\">MONTERREY<\/a><\/div>\n<\/div>\n<\/div><figure class=\"wp-block-media-text__media\"><img loading=\"lazy\" decoding=\"async\" width=\"1024\" height=\"713\" src=\"https:\/\/www.lainter.edu.mx\/egresados\/wp-content\/uploads\/2023\/09\/WhatsApp-Image-2023-09-06-at-2.32.16-PM-1-1024x713.jpeg\" alt=\"\" class=\"wp-image-114 size-full\" srcset=\"https:\/\/www.lainter.edu.mx\/egresados\/wp-content\/uploads\/2023\/09\/WhatsApp-Image-2023-09-06-at-2.32.16-PM-1-1024x713.jpeg 1024w, https:\/\/www.lainter.edu.mx\/egresados\/wp-content\/uploads\/2023\/09\/WhatsApp-Image-2023-09-06-at-2.32.16-PM-1-300x209.jpeg 300w, https:\/\/www.lainter.edu.mx\/egresados\/wp-content\/uploads\/2023\/09\/WhatsApp-Image-2023-09-06-at-2.32.16-PM-1-768x535.jpeg 768w, https:\/\/www.lainter.edu.mx\/egresados\/wp-content\/uploads\/2023\/09\/WhatsApp-Image-2023-09-06-at-2.32.16-PM-1-1536x1069.jpeg 1536w, https:\/\/www.lainter.edu.mx\/egresados\/wp-content\/uploads\/2023\/09\/WhatsApp-Image-2023-09-06-at-2.32.16-PM-1.jpeg 1600w\" sizes=\"auto, (max-width: 1024px) 100vw, 1024px\" \/><\/figure><\/div>\n\n\n\n<div class=\"wp-block-media-text alignwide is-stacked-on-mobile\" style=\"grid-template-columns:46% auto\"><figure class=\"wp-block-media-text__media\"><img loading=\"lazy\" decoding=\"async\" width=\"1024\" height=\"768\" src=\"https:\/\/www.lainter.edu.mx\/egresados\/wp-content\/uploads\/2026\/04\/IMG_3432-Karla-Vale-Velasco-1024x768.jpeg\" alt=\"\" class=\"wp-image-1321 size-full\" srcset=\"https:\/\/www.lainter.edu.mx\/egresados\/wp-content\/uploads\/2026\/04\/IMG_3432-Karla-Vale-Velasco-1024x768.jpeg 1024w, https:\/\/www.lainter.edu.mx\/egresados\/wp-content\/uploads\/2026\/04\/IMG_3432-Karla-Vale-Velasco-300x225.jpeg 300w, https:\/\/www.lainter.edu.mx\/egresados\/wp-content\/uploads\/2026\/04\/IMG_3432-Karla-Vale-Velasco-768x576.jpeg 768w, https:\/\/www.lainter.edu.mx\/egresados\/wp-content\/uploads\/2026\/04\/IMG_3432-Karla-Vale-Velasco-1536x1152.jpeg 1536w, https:\/\/www.lainter.edu.mx\/egresados\/wp-content\/uploads\/2026\/04\/IMG_3432-Karla-Vale-Velasco-2048x1536.jpeg 2048w\" sizes=\"auto, (max-width: 1024px) 100vw, 1024px\" \/><\/figure><div class=\"wp-block-media-text__content\">\n<p class=\"has-regular-font-size\"><strong>INTERCAMBIO INTERNACIONAL LICENCIATURA<\/strong><\/p>\n\n\n\n<p class=\"has-medium-font-size\">La Universidad Interamericana cuenta con convenios con universidades extranjeras los cuales hacen posible que los estudiantes cursen sus materias temporalmente fuera del pa\u00eds y al mismo tiempo podamos recibir participantes de otros pa\u00edses, lo que enriquecen el quehacer de la vida Universitaria. <\/p>\n\n\n\n<p class=\"has-medium-font-size\"><strong><strong><strong><strong><strong><strong><strong>(<strong><strong><strong>4 CONVOCATORIAS DISPONIBLE<\/strong><\/strong><\/strong><\/strong><\/strong>S)<\/strong><\/strong><\/strong>.<\/strong><\/strong><\/p>\n\n\n\n<div class=\"wp-block-columns is-layout-flex wp-container-core-columns-is-layout-28f84493 wp-block-columns-is-layout-flex\">\n<div class=\"wp-block-column is-layout-flow wp-block-column-is-layout-flow\" style=\"flex-basis:100%\">\n<div class=\"wp-block-buttons is-layout-flex wp-block-buttons-is-layout-flex\">\n<div class=\"wp-block-button is-style-fill\"><a class=\"wp-block-button__link wp-element-button\" href=\"https:\/\/sway.cloud.microsoft\/zFl9gl6vIyfvtbnm?ref=Link&amp;loc=mysways\" target=\"_blank\" rel=\"noreferrer noopener\">LE\u00d3N ESPA\u00d1A<\/a><\/div>\n\n\n\n<div class=\"wp-block-button is-style-fill\"><a class=\"wp-block-button__link wp-element-button\" href=\"https:\/\/www.lainter.edu.mx\/egresados\/wp-content\/uploads\/2026\/03\/ESP-Fact-Sheet-USMP-2026-II.pdf\" target=\"_blank\" rel=\"noreferrer noopener\">LIMA PER\u00da<\/a><\/div>\n\n\n\n<div class=\"wp-block-button is-style-fill\"><a class=\"wp-block-button__link wp-element-button\" href=\"https:\/\/www.lainter.edu.mx\/egresados\/wp-content\/uploads\/2026\/04\/Brochure_Internacional_Esp-1-2.pdf\" target=\"_blank\" rel=\"noreferrer noopener\">ARGENTINA<\/a><\/div>\n\n\n\n<div class=\"wp-block-button is-style-fill\"><a class=\"wp-block-button__link wp-element-button\" href=\"https:\/\/usbmed.edu.co\/internacionalizacion#movilidad-entrante\" target=\"_blank\" rel=\"noreferrer noopener\">COLOMBIA<\/a><\/div>\n\n\n<\/div>\n<\/div>\n<\/div>\n<\/div><\/div>\n\n\n\n<div class=\"wp-block-media-text alignwide has-media-on-the-right is-stacked-on-mobile\" style=\"grid-template-columns:auto 49%\"><div class=\"wp-block-media-text__content\">\n<p class=\"has-regular-font-size\"><strong>ESTAD\u00cdAS EN EL EXTRANJERO<\/strong><\/p>\n\n\n\n<p class=\"has-medium-font-size\">Si eres estudiante de administraci\u00f3n de empresas tur\u00edsticas o de gastronom\u00eda, podr\u00e1s postularte para realizar estad\u00edas en Espa\u00f1a durante tu \u00faltimo semestre, gracias al convenio vigente con Animafest. <\/p>\n\n\n\n<p><\/p>\n\n\n\n<p class=\"has-medium-font-size\">Otras carreas pueden revisar la oferta de estad\u00edas en Estados Unidos disponibles gracias al convenio que tenemos con Yummy Jobs <\/p>\n\n\n\n<p class=\"has-medium-font-size\"><strong><strong>( 3 CONVOCATORIAS DISPONIBLES)<\/strong><\/strong>.<\/p>\n\n\n\n<p><\/p>\n\n\n\n<div class=\"wp-block-buttons is-layout-flex wp-block-buttons-is-layout-flex\">\n<div class=\"wp-block-button\"><a class=\"wp-block-button__link wp-element-button\" href=\"https:\/\/www.lainter.edu.mx\/egresados\/wp-content\/uploads\/2025\/05\/Convocatoria-estadias-en-Espana.pdf\" target=\"_blank\" rel=\"noreferrer noopener\">ESPA\u00d1A 2026<\/a><\/div>\n\n\n\n<div class=\"wp-block-button\"><a class=\"wp-block-button__link wp-element-button\" href=\"https:\/\/www.lainter.edu.mx\/egresados\/wp-content\/uploads\/2025\/09\/Convocatoria-Yummy-Jobs.pdf\" target=\"_blank\" rel=\"noreferrer noopener\">UNIVERSAL ORLANDO 2026<\/a><\/div>\n\n\n\n<div class=\"wp-block-button\"><a class=\"wp-block-button__link wp-element-button\" href=\"https:\/\/www.lainter.edu.mx\/egresados\/wp-content\/uploads\/2025\/09\/Post-La-inter-RL-1.pdf\" target=\"_blank\" rel=\"noreferrer noopener\">USA 2026<\/a><\/div>\n<\/div>\n<\/div><figure class=\"wp-block-media-text__media\"><img loading=\"lazy\" decoding=\"async\" width=\"1024\" height=\"733\" src=\"https:\/\/www.lainter.edu.mx\/egresados\/wp-content\/uploads\/2026\/04\/IMG_2369-Katherine-Cabello-1024x733.jpg\" alt=\"\" class=\"wp-image-1427 size-full\" srcset=\"https:\/\/www.lainter.edu.mx\/egresados\/wp-content\/uploads\/2026\/04\/IMG_2369-Katherine-Cabello-1024x733.jpg 1024w, https:\/\/www.lainter.edu.mx\/egresados\/wp-content\/uploads\/2026\/04\/IMG_2369-Katherine-Cabello-300x215.jpg 300w, https:\/\/www.lainter.edu.mx\/egresados\/wp-content\/uploads\/2026\/04\/IMG_2369-Katherine-Cabello-768x549.jpg 768w, https:\/\/www.lainter.edu.mx\/egresados\/wp-content\/uploads\/2026\/04\/IMG_2369-Katherine-Cabello-1536x1099.jpg 1536w, https:\/\/www.lainter.edu.mx\/egresados\/wp-content\/uploads\/2026\/04\/IMG_2369-Katherine-Cabello-2048x1465.jpg 2048w\" sizes=\"auto, (max-width: 1024px) 100vw, 1024px\" \/><\/figure><\/div>\n\n\n\n<h2 class=\"wp-block-heading has-text-align-center\">\u201cAprende en contextos globales y regresa con ventaja competitiva.\u201d<\/h2>\n\n\n\n<div style=\"height:20px\" aria-hidden=\"true\" class=\"wp-block-spacer\"><\/div>\n\n\n\n<hr class=\"wp-block-separator has-alpha-channel-opacity\"\/>\n\n\n\n<div class=\"wp-block-columns is-layout-flex wp-container-core-columns-is-layout-28f84493 wp-block-columns-is-layout-flex\">\n<div class=\"wp-block-column is-layout-flow wp-block-column-is-layout-flow\">\n<figure class=\"wp-block-image size-full\"><img loading=\"lazy\" decoding=\"async\" width=\"750\" height=\"750\" src=\"https:\/\/www.lainter.edu.mx\/egresados\/wp-content\/uploads\/2026\/04\/IMG_1487-Katherine-Cabello-edited.jpeg\" alt=\"\" class=\"wp-image-1323\" srcset=\"https:\/\/www.lainter.edu.mx\/egresados\/wp-content\/uploads\/2026\/04\/IMG_1487-Katherine-Cabello-edited.jpeg 750w, https:\/\/www.lainter.edu.mx\/egresados\/wp-content\/uploads\/2026\/04\/IMG_1487-Katherine-Cabello-edited-300x300.jpeg 300w, https:\/\/www.lainter.edu.mx\/egresados\/wp-content\/uploads\/2026\/04\/IMG_1487-Katherine-Cabello-edited-150x150.jpeg 150w\" sizes=\"auto, (max-width: 750px) 100vw, 750px\" \/><\/figure>\n<\/div>\n\n\n\n<div class=\"wp-block-column is-layout-flow wp-block-column-is-layout-flow\">\n<figure class=\"wp-block-image size-large\"><img loading=\"lazy\" decoding=\"async\" width=\"2560\" height=\"2560\" src=\"https:\/\/www.lainter.edu.mx\/egresados\/wp-content\/uploads\/2026\/04\/IMG_2901_VSCO-ana-sofia-tapia-edited-scaled.jpg\" alt=\"\" class=\"wp-image-1325\" srcset=\"https:\/\/www.lainter.edu.mx\/egresados\/wp-content\/uploads\/2026\/04\/IMG_2901_VSCO-ana-sofia-tapia-edited-scaled.jpg 2560w, https:\/\/www.lainter.edu.mx\/egresados\/wp-content\/uploads\/2026\/04\/IMG_2901_VSCO-ana-sofia-tapia-edited-300x300.jpg 300w, https:\/\/www.lainter.edu.mx\/egresados\/wp-content\/uploads\/2026\/04\/IMG_2901_VSCO-ana-sofia-tapia-edited-1024x1024.jpg 1024w, https:\/\/www.lainter.edu.mx\/egresados\/wp-content\/uploads\/2026\/04\/IMG_2901_VSCO-ana-sofia-tapia-edited-150x150.jpg 150w, https:\/\/www.lainter.edu.mx\/egresados\/wp-content\/uploads\/2026\/04\/IMG_2901_VSCO-ana-sofia-tapia-edited-768x768.jpg 768w, https:\/\/www.lainter.edu.mx\/egresados\/wp-content\/uploads\/2026\/04\/IMG_2901_VSCO-ana-sofia-tapia-edited-1536x1536.jpg 1536w, https:\/\/www.lainter.edu.mx\/egresados\/wp-content\/uploads\/2026\/04\/IMG_2901_VSCO-ana-sofia-tapia-edited-2048x2048.jpg 2048w\" sizes=\"auto, (max-width: 2560px) 100vw, 2560px\" \/><\/figure>\n<\/div>\n\n\n\n<div class=\"wp-block-column is-layout-flow wp-block-column-is-layout-flow\">\n<figure class=\"wp-block-image size-full\"><img loading=\"lazy\" decoding=\"async\" width=\"451\" height=\"451\" src=\"https:\/\/www.lainter.edu.mx\/egresados\/wp-content\/uploads\/2026\/04\/ER-edited.jpg\" alt=\"\" class=\"wp-image-1335\" srcset=\"https:\/\/www.lainter.edu.mx\/egresados\/wp-content\/uploads\/2026\/04\/ER-edited.jpg 451w, https:\/\/www.lainter.edu.mx\/egresados\/wp-content\/uploads\/2026\/04\/ER-edited-300x300.jpg 300w, https:\/\/www.lainter.edu.mx\/egresados\/wp-content\/uploads\/2026\/04\/ER-edited-150x150.jpg 150w\" sizes=\"auto, (max-width: 451px) 100vw, 451px\" \/><\/figure>\n<\/div>\n<\/div>\n\n\n\n<div class=\"wp-block-columns is-layout-flex wp-container-core-columns-is-layout-28f84493 wp-block-columns-is-layout-flex\">\n<div class=\"wp-block-column is-layout-flow wp-block-column-is-layout-flow\">\n<figure class=\"wp-block-image size-large\"><img loading=\"lazy\" decoding=\"async\" width=\"2560\" height=\"2560\" src=\"https:\/\/www.lainter.edu.mx\/egresados\/wp-content\/uploads\/2026\/04\/1744030153283-Guadalupe-Merino-edited-scaled.jpg\" alt=\"\" class=\"wp-image-1338\" srcset=\"https:\/\/www.lainter.edu.mx\/egresados\/wp-content\/uploads\/2026\/04\/1744030153283-Guadalupe-Merino-edited-scaled.jpg 2560w, https:\/\/www.lainter.edu.mx\/egresados\/wp-content\/uploads\/2026\/04\/1744030153283-Guadalupe-Merino-edited-300x300.jpg 300w, https:\/\/www.lainter.edu.mx\/egresados\/wp-content\/uploads\/2026\/04\/1744030153283-Guadalupe-Merino-edited-1024x1024.jpg 1024w, https:\/\/www.lainter.edu.mx\/egresados\/wp-content\/uploads\/2026\/04\/1744030153283-Guadalupe-Merino-edited-150x150.jpg 150w, https:\/\/www.lainter.edu.mx\/egresados\/wp-content\/uploads\/2026\/04\/1744030153283-Guadalupe-Merino-edited-768x768.jpg 768w, https:\/\/www.lainter.edu.mx\/egresados\/wp-content\/uploads\/2026\/04\/1744030153283-Guadalupe-Merino-edited-1536x1536.jpg 1536w, https:\/\/www.lainter.edu.mx\/egresados\/wp-content\/uploads\/2026\/04\/1744030153283-Guadalupe-Merino-edited-2048x2048.jpg 2048w\" sizes=\"auto, (max-width: 2560px) 100vw, 2560px\" \/><\/figure>\n<\/div>\n\n\n\n<div class=\"wp-block-column is-layout-flow wp-block-column-is-layout-flow\">\n<figure class=\"wp-block-image size-large\"><img loading=\"lazy\" decoding=\"async\" width=\"1024\" height=\"1024\" src=\"https:\/\/www.lainter.edu.mx\/egresados\/wp-content\/uploads\/2026\/04\/IMG_9801-JORGE-ALAN-GONZALEZ-ORTIZ-1-1024x1024.jpeg\" alt=\"\" class=\"wp-image-1341\" srcset=\"https:\/\/www.lainter.edu.mx\/egresados\/wp-content\/uploads\/2026\/04\/IMG_9801-JORGE-ALAN-GONZALEZ-ORTIZ-1-1024x1024.jpeg 1024w, https:\/\/www.lainter.edu.mx\/egresados\/wp-content\/uploads\/2026\/04\/IMG_9801-JORGE-ALAN-GONZALEZ-ORTIZ-1-300x300.jpeg 300w, https:\/\/www.lainter.edu.mx\/egresados\/wp-content\/uploads\/2026\/04\/IMG_9801-JORGE-ALAN-GONZALEZ-ORTIZ-1-150x150.jpeg 150w, https:\/\/www.lainter.edu.mx\/egresados\/wp-content\/uploads\/2026\/04\/IMG_9801-JORGE-ALAN-GONZALEZ-ORTIZ-1-768x768.jpeg 768w, https:\/\/www.lainter.edu.mx\/egresados\/wp-content\/uploads\/2026\/04\/IMG_9801-JORGE-ALAN-GONZALEZ-ORTIZ-1-1536x1536.jpeg 1536w, https:\/\/www.lainter.edu.mx\/egresados\/wp-content\/uploads\/2026\/04\/IMG_9801-JORGE-ALAN-GONZALEZ-ORTIZ-1-2048x2048.jpeg 2048w\" sizes=\"auto, (max-width: 1024px) 100vw, 1024px\" \/><\/figure>\n<\/div>\n\n\n\n<div class=\"wp-block-column is-layout-flow wp-block-column-is-layout-flow\">\n<figure class=\"wp-block-image size-large\"><img loading=\"lazy\" decoding=\"async\" width=\"1024\" height=\"1024\" src=\"https:\/\/www.lainter.edu.mx\/egresados\/wp-content\/uploads\/2026\/04\/IMG_0563-Guadalupe-Yazmin-Montillo-Rodriguez-1-1-1024x1024.jpeg\" alt=\"\" class=\"wp-image-1342\" srcset=\"https:\/\/www.lainter.edu.mx\/egresados\/wp-content\/uploads\/2026\/04\/IMG_0563-Guadalupe-Yazmin-Montillo-Rodriguez-1-1-1024x1024.jpeg 1024w, https:\/\/www.lainter.edu.mx\/egresados\/wp-content\/uploads\/2026\/04\/IMG_0563-Guadalupe-Yazmin-Montillo-Rodriguez-1-1-300x300.jpeg 300w, https:\/\/www.lainter.edu.mx\/egresados\/wp-content\/uploads\/2026\/04\/IMG_0563-Guadalupe-Yazmin-Montillo-Rodriguez-1-1-150x150.jpeg 150w, https:\/\/www.lainter.edu.mx\/egresados\/wp-content\/uploads\/2026\/04\/IMG_0563-Guadalupe-Yazmin-Montillo-Rodriguez-1-1-768x768.jpeg 768w, https:\/\/www.lainter.edu.mx\/egresados\/wp-content\/uploads\/2026\/04\/IMG_0563-Guadalupe-Yazmin-Montillo-Rodriguez-1-1-1536x1536.jpeg 1536w, https:\/\/www.lainter.edu.mx\/egresados\/wp-content\/uploads\/2026\/04\/IMG_0563-Guadalupe-Yazmin-Montillo-Rodriguez-1-1-2048x2048.jpeg 2048w\" sizes=\"auto, (max-width: 1024px) 100vw, 1024px\" \/><\/figure>\n<\/div>\n<\/div>\n\n\n\n<div class=\"wp-block-columns is-layout-flex wp-container-core-columns-is-layout-28f84493 wp-block-columns-is-layout-flex\">\n<div class=\"wp-block-column is-layout-flow wp-block-column-is-layout-flow\">\n<figure class=\"wp-block-image size-full\"><img loading=\"lazy\" decoding=\"async\" width=\"785\" height=\"785\" src=\"https:\/\/www.lainter.edu.mx\/egresados\/wp-content\/uploads\/2026\/04\/IMG_4040-Elizabeth-Espana-edited.jpg\" alt=\"\" class=\"wp-image-1344\" srcset=\"https:\/\/www.lainter.edu.mx\/egresados\/wp-content\/uploads\/2026\/04\/IMG_4040-Elizabeth-Espana-edited.jpg 785w, https:\/\/www.lainter.edu.mx\/egresados\/wp-content\/uploads\/2026\/04\/IMG_4040-Elizabeth-Espana-edited-300x300.jpg 300w, https:\/\/www.lainter.edu.mx\/egresados\/wp-content\/uploads\/2026\/04\/IMG_4040-Elizabeth-Espana-edited-150x150.jpg 150w, https:\/\/www.lainter.edu.mx\/egresados\/wp-content\/uploads\/2026\/04\/IMG_4040-Elizabeth-Espana-edited-768x768.jpg 768w\" sizes=\"auto, (max-width: 785px) 100vw, 785px\" \/><\/figure>\n<\/div>\n\n\n\n<div class=\"wp-block-column is-layout-flow wp-block-column-is-layout-flow\">\n<figure class=\"wp-block-image size-large\"><img loading=\"lazy\" decoding=\"async\" width=\"853\" height=\"853\" src=\"https:\/\/www.lainter.edu.mx\/egresados\/wp-content\/uploads\/2026\/04\/IMG-20260105-WA0000-WILLIAM-RUSSO-FRANCIS-edited.jpg\" alt=\"\" class=\"wp-image-1346\" srcset=\"https:\/\/www.lainter.edu.mx\/egresados\/wp-content\/uploads\/2026\/04\/IMG-20260105-WA0000-WILLIAM-RUSSO-FRANCIS-edited.jpg 853w, https:\/\/www.lainter.edu.mx\/egresados\/wp-content\/uploads\/2026\/04\/IMG-20260105-WA0000-WILLIAM-RUSSO-FRANCIS-edited-300x300.jpg 300w, https:\/\/www.lainter.edu.mx\/egresados\/wp-content\/uploads\/2026\/04\/IMG-20260105-WA0000-WILLIAM-RUSSO-FRANCIS-edited-150x150.jpg 150w, https:\/\/www.lainter.edu.mx\/egresados\/wp-content\/uploads\/2026\/04\/IMG-20260105-WA0000-WILLIAM-RUSSO-FRANCIS-edited-768x768.jpg 768w\" sizes=\"auto, (max-width: 853px) 100vw, 853px\" \/><\/figure>\n<\/div>\n\n\n\n<div class=\"wp-block-column is-layout-flow wp-block-column-is-layout-flow\">\n<figure class=\"wp-block-image size-large\"><img loading=\"lazy\" decoding=\"async\" width=\"750\" height=\"750\" src=\"https:\/\/www.lainter.edu.mx\/egresados\/wp-content\/uploads\/2026\/04\/IMG_1625-Katherine-Cabello-edited.jpeg\" alt=\"\" class=\"wp-image-1350\" srcset=\"https:\/\/www.lainter.edu.mx\/egresados\/wp-content\/uploads\/2026\/04\/IMG_1625-Katherine-Cabello-edited.jpeg 750w, https:\/\/www.lainter.edu.mx\/egresados\/wp-content\/uploads\/2026\/04\/IMG_1625-Katherine-Cabello-edited-300x300.jpeg 300w, https:\/\/www.lainter.edu.mx\/egresados\/wp-content\/uploads\/2026\/04\/IMG_1625-Katherine-Cabello-edited-150x150.jpeg 150w\" sizes=\"auto, (max-width: 750px) 100vw, 750px\" \/><\/figure>\n<\/div>\n<\/div>\n\n\n\n<div class=\"wp-block-columns is-layout-flex wp-container-core-columns-is-layout-28f84493 wp-block-columns-is-layout-flex\">\n<div class=\"wp-block-column is-layout-flow wp-block-column-is-layout-flow\">\n<figure class=\"wp-block-image size-large\"><img loading=\"lazy\" decoding=\"async\" width=\"2560\" height=\"2560\" src=\"https:\/\/www.lainter.edu.mx\/egresados\/wp-content\/uploads\/2026\/04\/073f581d-7598-4f6a-a0d1-098542ebc684-pau-edited-scaled.jpeg\" alt=\"\" class=\"wp-image-1354\" srcset=\"https:\/\/www.lainter.edu.mx\/egresados\/wp-content\/uploads\/2026\/04\/073f581d-7598-4f6a-a0d1-098542ebc684-pau-edited-scaled.jpeg 2560w, https:\/\/www.lainter.edu.mx\/egresados\/wp-content\/uploads\/2026\/04\/073f581d-7598-4f6a-a0d1-098542ebc684-pau-edited-300x300.jpeg 300w, https:\/\/www.lainter.edu.mx\/egresados\/wp-content\/uploads\/2026\/04\/073f581d-7598-4f6a-a0d1-098542ebc684-pau-edited-1024x1024.jpeg 1024w, https:\/\/www.lainter.edu.mx\/egresados\/wp-content\/uploads\/2026\/04\/073f581d-7598-4f6a-a0d1-098542ebc684-pau-edited-150x150.jpeg 150w, https:\/\/www.lainter.edu.mx\/egresados\/wp-content\/uploads\/2026\/04\/073f581d-7598-4f6a-a0d1-098542ebc684-pau-edited-768x768.jpeg 768w, https:\/\/www.lainter.edu.mx\/egresados\/wp-content\/uploads\/2026\/04\/073f581d-7598-4f6a-a0d1-098542ebc684-pau-edited-1536x1536.jpeg 1536w, https:\/\/www.lainter.edu.mx\/egresados\/wp-content\/uploads\/2026\/04\/073f581d-7598-4f6a-a0d1-098542ebc684-pau-edited-2048x2048.jpeg 2048w\" sizes=\"auto, (max-width: 2560px) 100vw, 2560px\" \/><\/figure>\n<\/div>\n\n\n\n<div class=\"wp-block-column is-layout-flow wp-block-column-is-layout-flow\">\n<figure class=\"wp-block-image size-large\"><img loading=\"lazy\" decoding=\"async\" width=\"1024\" height=\"1024\" src=\"https:\/\/www.lainter.edu.mx\/egresados\/wp-content\/uploads\/2026\/04\/IMG_2172-Ubaldo-Rodriguez-1024x1024.jpg\" alt=\"\" class=\"wp-image-1357\" srcset=\"https:\/\/www.lainter.edu.mx\/egresados\/wp-content\/uploads\/2026\/04\/IMG_2172-Ubaldo-Rodriguez-1024x1024.jpg 1024w, https:\/\/www.lainter.edu.mx\/egresados\/wp-content\/uploads\/2026\/04\/IMG_2172-Ubaldo-Rodriguez-300x300.jpg 300w, https:\/\/www.lainter.edu.mx\/egresados\/wp-content\/uploads\/2026\/04\/IMG_2172-Ubaldo-Rodriguez-150x150.jpg 150w, https:\/\/www.lainter.edu.mx\/egresados\/wp-content\/uploads\/2026\/04\/IMG_2172-Ubaldo-Rodriguez-768x768.jpg 768w, https:\/\/www.lainter.edu.mx\/egresados\/wp-content\/uploads\/2026\/04\/IMG_2172-Ubaldo-Rodriguez-1536x1536.jpg 1536w, https:\/\/www.lainter.edu.mx\/egresados\/wp-content\/uploads\/2026\/04\/IMG_2172-Ubaldo-Rodriguez-2048x2048.jpg 2048w\" sizes=\"auto, (max-width: 1024px) 100vw, 1024px\" \/><\/figure>\n<\/div>\n\n\n\n<div class=\"wp-block-column is-layout-flow wp-block-column-is-layout-flow\">\n<figure class=\"wp-block-image size-large\"><img loading=\"lazy\" decoding=\"async\" width=\"2560\" height=\"2560\" src=\"https:\/\/www.lainter.edu.mx\/egresados\/wp-content\/uploads\/2026\/04\/FullSizeRender_VSCO-Rom-Santos-edited-scaled.jpeg\" alt=\"\" class=\"wp-image-1363\" srcset=\"https:\/\/www.lainter.edu.mx\/egresados\/wp-content\/uploads\/2026\/04\/FullSizeRender_VSCO-Rom-Santos-edited-scaled.jpeg 2560w, https:\/\/www.lainter.edu.mx\/egresados\/wp-content\/uploads\/2026\/04\/FullSizeRender_VSCO-Rom-Santos-edited-300x300.jpeg 300w, https:\/\/www.lainter.edu.mx\/egresados\/wp-content\/uploads\/2026\/04\/FullSizeRender_VSCO-Rom-Santos-edited-1024x1024.jpeg 1024w, https:\/\/www.lainter.edu.mx\/egresados\/wp-content\/uploads\/2026\/04\/FullSizeRender_VSCO-Rom-Santos-edited-150x150.jpeg 150w, https:\/\/www.lainter.edu.mx\/egresados\/wp-content\/uploads\/2026\/04\/FullSizeRender_VSCO-Rom-Santos-edited-768x768.jpeg 768w, https:\/\/www.lainter.edu.mx\/egresados\/wp-content\/uploads\/2026\/04\/FullSizeRender_VSCO-Rom-Santos-edited-1536x1536.jpeg 1536w, https:\/\/www.lainter.edu.mx\/egresados\/wp-content\/uploads\/2026\/04\/FullSizeRender_VSCO-Rom-Santos-edited-2048x2048.jpeg 2048w\" sizes=\"auto, (max-width: 2560px) 100vw, 2560px\" \/><\/figure>\n<\/div>\n<\/div>\n","protected":false},"excerpt":{"rendered":"<p>\u201cAprende en contextos globales y regresa con ventaja competitiva.\u201d<\/p>\n","protected":false},"author":2,"featured_media":0,"parent":0,"menu_order":0,"comment_status":"closed","ping_status":"closed","template":"","meta":{"footnotes":""},"class_list":["post-1185","page","type-page","status-publish","hentry"],"_links":{"self":[{"href":"https:\/\/www.lainter.edu.mx\/egresados\/wp-json\/wp\/v2\/pages\/1185","targetHints":{"allow":["GET"]}}],"collection":[{"href":"https:\/\/www.lainter.edu.mx\/egresados\/wp-json\/wp\/v2\/pages"}],"about":[{"href":"https:\/\/www.lainter.edu.mx\/egresados\/wp-json\/wp\/v2\/types\/page"}],"author":[{"embeddable":true,"href":"https:\/\/www.lainter.edu.mx\/egresados\/wp-json\/wp\/v2\/users\/2"}],"replies":[{"embeddable":true,"href":"https:\/\/www.lainter.edu.mx\/egresados\/wp-json\/wp\/v2\/comments?post=1185"}],"version-history":[{"count":12,"href":"https:\/\/www.lainter.edu.mx\/egresados\/wp-json\/wp\/v2\/pages\/1185\/revisions"}],"predecessor-version":[{"id":1428,"href":"https:\/\/www.lainter.edu.mx\/egresados\/wp-json\/wp\/v2\/pages\/1185\/revisions\/1428"}],"wp:attachment":[{"href":"https:\/\/www.lainter.edu.mx\/egresados\/wp-json\/wp\/v2\/media?parent=1185"}],"curies":[{"name":"wp","href":"https:\/\/api.w.org\/{rel}","templated":true}]}}